{"id":6984,"date":"2022-03-23T09:00:30","date_gmt":"2022-03-23T09:00:30","guid":{"rendered":"https:\/\/www.palmaequipmentrental.com\/?post_type=product&#038;p=6984"},"modified":"2022-08-05T12:22:13","modified_gmt":"2022-08-05T12:22:13","slug":"nikon-d850","status":"publish","type":"product","link":"https:\/\/palmaequipmentrental.com\/es\/photo-video-equipment-mallorca\/nikon-d850\/","title":{"rendered":"Nikon D850"},"content":{"rendered":"<p>Nuestro <strong>kit Nikon D850<\/strong> incluye:<\/p>\n<ul>\n<li>1x\u00a0 Cuerpo Nikon D850<\/li>\n<li>1x\u00a0 Nikon Battery Grip MB-D18,<\/li>\n<li>2x bater\u00edas EN-EL15 ,<\/li>\n<li>1x\u00a0 Cargador de bater\u00edas MH-25<\/li>\n<li>2x\u00a0 Tarjetas de memoria 64GB XQD Sony 440MBS<\/li>\n<li>1x\u00a0 XQD Card Reader<\/li>\n<li>1x\u00a0 protector de puertos, Lock Block Port<\/li>\n<\/ul>\n<p>Al disfrutar de la combinaci\u00f3n perfecta de definici\u00f3n, velocidad y sensibilidad, no solo tienes que hacer un trabajo incre\u00edble. Tambi\u00e9n mostrar\u00e1 tu control perfecto. Crea sin l\u00edmites. Produce sin excepciones. Descubre todo el esplendor del formato FX completo como nunca antes. Desde el estudio hasta los lugares m\u00e1s remotos del mundo. El sensor r\u00e1pido en formato FX de alta definici\u00f3n del D850 utiliza 45,7 millones de p\u00edxeles efectivos para producir archivos de 45,4 millones de p\u00edxeles altamente detallados. Imprime im\u00e1genes de alta definici\u00f3n en formato extra grande. Graba v\u00eddeos 4K de formato completo. El sensor CMOS retroiluminado no dispone de filtro \u00f3ptico de paso bajo e incorpora microlentes juntas as\u00ed como un tratamiento antirreflectante. La luz captada alcanza los fotodiodos de forma m\u00e1s eficiente, proporcionando un nivel de detalle excepcional y un rango din\u00e1mico incre\u00edble. Adem\u00e1s, el sistema AF de 153 puntos, heredado del D5, garantiza el enfoque muy preciso y la amplia cobertura necesaria para obtener im\u00e1genes de formato completo de alta definici\u00f3n. Esto es lo que proporciona la velocidad de 45,4 millones de p\u00edxeles. Obt\u00e9n el reconocimiento con la combinaci\u00f3n ideal entre velocidad, detalle y precisi\u00f3n. Velocidades de r\u00e1faga de hasta 9 Vps en alta definici\u00f3n. Un sistema de autoenfoque excepcional. Revela estos segundos de gran importancia con esta combinaci\u00f3n perfecta de potencia y resistencia.<\/p>\n","protected":false},"excerpt":{"rendered":"<p>Nuestro kit Nikon D850 incluye: 1x\u00a0 Cuerpo Nikon D850 1x\u00a0 Nikon Battery Grip MB-D18, 2x bater\u00edas EN-EL15 , 1x\u00a0 Cargador de bater\u00edas MH-25 2x\u00a0 Tarjetas de memoria 64GB XQD Sony 440MBS 1x\u00a0 XQD Card Reader 1x\u00a0 protector de puertos, Lock Block Port Al disfrutar de la combinaci\u00f3n perfecta de definici\u00f3n, velocidad y sensibilidad, no solo tienes que hacer un trabajo [&hellip;]<\/p>\n","protected":false},"featured_media":6994,"template":"","meta":[],"product_cat":[197,203],"product_tag":[],"class_list":{"0":"post-6984","1":"product","2":"type-product","3":"status-publish","4":"has-post-thumbnail","6":"product_cat-cuerpos-camara","7":"product_cat-camara-cuerpos-2","9":"first","10":"instock","11":"shipping-taxable","12":"purchasable","13":"product-type-simple"},"_links":{"self":[{"href":"https:\/\/palmaequipmentrental.com\/es\/wp-json\/wp\/v2\/product\/6984","targetHints":{"allow":["GET"]}}],"collection":[{"href":"https:\/\/palmaequipmentrental.com\/es\/wp-json\/wp\/v2\/product"}],"about":[{"href":"https:\/\/palmaequipmentrental.com\/es\/wp-json\/wp\/v2\/types\/product"}],"wp:featuredmedia":[{"embeddable":true,"href":"https:\/\/palmaequipmentrental.com\/es\/wp-json\/wp\/v2\/media\/6994"}],"wp:attachment":[{"href":"https:\/\/palmaequipmentrental.com\/es\/wp-json\/wp\/v2\/media?parent=6984"}],"wp:term":[{"taxonomy":"product_cat","embeddable":true,"href":"https:\/\/palmaequipmentrental.com\/es\/wp-json\/wp\/v2\/product_cat?post=6984"},{"taxonomy":"product_tag","embeddable":true,"href":"https:\/\/palmaequipmentrental.com\/es\/wp-json\/wp\/v2\/product_tag?post=6984"}],"curies":[{"name":"wp","href":"https:\/\/api.w.org\/{rel}","templated":true}]}}