{"id":7016,"date":"2022-03-23T11:00:53","date_gmt":"2022-03-23T11:00:53","guid":{"rendered":"https:\/\/www.palmaequipmentrental.com\/product\/nikon-d850-battery-grip-mb-d18\/"},"modified":"2023-10-12T12:53:35","modified_gmt":"2023-10-12T12:53:35","slug":"nikon-d850-battery-grip-mb-d18","status":"publish","type":"product","link":"https:\/\/palmaequipmentrental.com\/es\/photo-video-equipment-mallorca\/nikon-d850-battery-grip-mb-d18\/","title":{"rendered":"Nikon Empu\u00f1adura D850 MB-D18"},"content":{"rendered":"<p>La empu\u00f1adura <strong>Nikon MB-D18 Multi Battery Grip<\/strong> puede alimentarse con seis pilas AA (alcalinas o de Ni-MH o de litio), con pilas recargables de iones de litio EN-EL15(a) o EN-EL18a\/b.<\/p>\n<p>Cuando se utiliza la tapa de la c\u00e1mara de la bater\u00eda BL-5 opcional conectada a la EN-EL18b\/EN-EL18a, y se inserta en un MB-D18 Multi Battery Power Pack, se puede lograr hasta 9 fps de disparo continuo con la D850.<\/p>\n<p>El MB-D18 est\u00e1 equipado con un bot\u00f3n de disparo, un bot\u00f3n de bloqueo AE\/AF, un multiselector y diales de control principal y secundario para mejorar el funcionamiento cuando se toman fotograf\u00edas en orientaci\u00f3n vertical.<br \/>\nUna sola carga del pack permite capturar hasta 5140 im\u00e1genes y grabar hasta unos 210\u00a0minutos de v\u00eddeo.<\/p>\n","protected":false},"excerpt":{"rendered":"<p>La empu\u00f1adura Nikon MB-D18 Multi Battery Grip puede alimentarse con seis pilas AA (alcalinas o de Ni-MH o de litio), con pilas recargables de iones de litio EN-EL15(a) o EN-EL18a\/b. Cuando se utiliza la tapa de la c\u00e1mara de la bater\u00eda BL-5 opcional conectada a la EN-EL18b\/EN-EL18a, y se inserta en un MB-D18 Multi Battery Power Pack, se puede lograr [&hellip;]<\/p>\n","protected":false},"featured_media":9493,"template":"","meta":[],"product_cat":[392,442],"product_tag":[],"class_list":{"0":"post-7016","1":"product","2":"type-product","3":"status-publish","4":"has-post-thumbnail","6":"product_cat-baterias-cargadores-es","7":"product_cat-baterias-cargadores-es-2","9":"first","10":"instock","11":"shipping-taxable","12":"purchasable","13":"product-type-simple"},"_links":{"self":[{"href":"https:\/\/palmaequipmentrental.com\/es\/wp-json\/wp\/v2\/product\/7016","targetHints":{"allow":["GET"]}}],"collection":[{"href":"https:\/\/palmaequipmentrental.com\/es\/wp-json\/wp\/v2\/product"}],"about":[{"href":"https:\/\/palmaequipmentrental.com\/es\/wp-json\/wp\/v2\/types\/product"}],"wp:featuredmedia":[{"embeddable":true,"href":"https:\/\/palmaequipmentrental.com\/es\/wp-json\/wp\/v2\/media\/9493"}],"wp:attachment":[{"href":"https:\/\/palmaequipmentrental.com\/es\/wp-json\/wp\/v2\/media?parent=7016"}],"wp:term":[{"taxonomy":"product_cat","embeddable":true,"href":"https:\/\/palmaequipmentrental.com\/es\/wp-json\/wp\/v2\/product_cat?post=7016"},{"taxonomy":"product_tag","embeddable":true,"href":"https:\/\/palmaequipmentrental.com\/es\/wp-json\/wp\/v2\/product_tag?post=7016"}],"curies":[{"name":"wp","href":"https:\/\/api.w.org\/{rel}","templated":true}]}}