{"id":7023,"date":"2022-03-23T11:16:42","date_gmt":"2022-03-23T11:16:42","guid":{"rendered":"https:\/\/www.palmaequipmentrental.com\/product\/nikon-battery-en-el15\/"},"modified":"2023-10-12T12:52:52","modified_gmt":"2023-10-12T12:52:52","slug":"nikon-battery-en-el15","status":"publish","type":"product","link":"https:\/\/palmaequipmentrental.com\/es\/photo-video-equipment-mallorca\/nikon-battery-en-el15\/","title":{"rendered":"Nikon Bater\u00eda EN-EL15"},"content":{"rendered":"<p><strong>Nikon EN-EL15 Bater\u00eda recargable de iones de litio<\/strong><\/p>\n<p>Estas bater\u00edas recargables proporcionan una larga vida \u00fatil y una potencia constante, incluso en las condiciones m\u00e1s fr\u00edas.<br \/>\nLa EN-EL15 es una bater\u00eda recargable de iones de litio que alimenta selectas c\u00e1maras Nikon D-SLR, proporcionando potencia de 7.0v y 1900mAh utilizada junto con su Nikon D-SLR.<br \/>\nLa bater\u00eda utiliza el cargador MH-25.<\/p>\n","protected":false},"excerpt":{"rendered":"<p>Nikon EN-EL15 Bater\u00eda recargable de iones de litio Estas bater\u00edas recargables proporcionan una larga vida \u00fatil y una potencia constante, incluso en las condiciones m\u00e1s fr\u00edas. La EN-EL15 es una bater\u00eda recargable de iones de litio que alimenta selectas c\u00e1maras Nikon D-SLR, proporcionando potencia de 7.0v y 1900mAh utilizada junto con su Nikon D-SLR. La bater\u00eda utiliza el cargador MH-25.<\/p>\n","protected":false},"featured_media":7028,"template":"","meta":[],"product_cat":[392,442],"product_tag":[],"class_list":{"0":"post-7023","1":"product","2":"type-product","3":"status-publish","4":"has-post-thumbnail","6":"product_cat-baterias-cargadores-es","7":"product_cat-baterias-cargadores-es-2","9":"first","10":"instock","11":"shipping-taxable","12":"purchasable","13":"product-type-simple"},"_links":{"self":[{"href":"https:\/\/palmaequipmentrental.com\/es\/wp-json\/wp\/v2\/product\/7023","targetHints":{"allow":["GET"]}}],"collection":[{"href":"https:\/\/palmaequipmentrental.com\/es\/wp-json\/wp\/v2\/product"}],"about":[{"href":"https:\/\/palmaequipmentrental.com\/es\/wp-json\/wp\/v2\/types\/product"}],"wp:featuredmedia":[{"embeddable":true,"href":"https:\/\/palmaequipmentrental.com\/es\/wp-json\/wp\/v2\/media\/7028"}],"wp:attachment":[{"href":"https:\/\/palmaequipmentrental.com\/es\/wp-json\/wp\/v2\/media?parent=7023"}],"wp:term":[{"taxonomy":"product_cat","embeddable":true,"href":"https:\/\/palmaequipmentrental.com\/es\/wp-json\/wp\/v2\/product_cat?post=7023"},{"taxonomy":"product_tag","embeddable":true,"href":"https:\/\/palmaequipmentrental.com\/es\/wp-json\/wp\/v2\/product_tag?post=7023"}],"curies":[{"name":"wp","href":"https:\/\/api.w.org\/{rel}","templated":true}]}}