{"id":7035,"date":"2022-03-23T11:33:13","date_gmt":"2022-03-23T11:33:13","guid":{"rendered":"https:\/\/www.palmaequipmentrental.com\/?post_type=product&#038;p=7035"},"modified":"2023-10-12T12:52:11","modified_gmt":"2023-10-12T12:52:11","slug":"nikon-battery-charger-mh-25","status":"publish","type":"product","link":"https:\/\/palmaequipmentrental.com\/es\/photo-video-equipment-mallorca\/nikon-battery-charger-mh-25\/","title":{"rendered":"Nikon Cargador Bater\u00edas MH-25"},"content":{"rendered":"<p>Cargador r\u00e1pido Nikon MH-25 para la bater\u00eda de iones de litio EN-EL15<\/p>\n","protected":false},"excerpt":{"rendered":"<p>Cargador r\u00e1pido Nikon MH-25 para la bater\u00eda de iones de litio EN-EL15<\/p>\n","protected":false},"featured_media":7033,"template":"","meta":[],"product_cat":[442,392],"product_tag":[],"class_list":{"0":"post-7035","1":"product","2":"type-product","3":"status-publish","4":"has-post-thumbnail","6":"product_cat-baterias-cargadores-es-2","7":"product_cat-baterias-cargadores-es","9":"first","10":"instock","11":"shipping-taxable","12":"purchasable","13":"product-type-simple"},"_links":{"self":[{"href":"https:\/\/palmaequipmentrental.com\/es\/wp-json\/wp\/v2\/product\/7035","targetHints":{"allow":["GET"]}}],"collection":[{"href":"https:\/\/palmaequipmentrental.com\/es\/wp-json\/wp\/v2\/product"}],"about":[{"href":"https:\/\/palmaequipmentrental.com\/es\/wp-json\/wp\/v2\/types\/product"}],"wp:featuredmedia":[{"embeddable":true,"href":"https:\/\/palmaequipmentrental.com\/es\/wp-json\/wp\/v2\/media\/7033"}],"wp:attachment":[{"href":"https:\/\/palmaequipmentrental.com\/es\/wp-json\/wp\/v2\/media?parent=7035"}],"wp:term":[{"taxonomy":"product_cat","embeddable":true,"href":"https:\/\/palmaequipmentrental.com\/es\/wp-json\/wp\/v2\/product_cat?post=7035"},{"taxonomy":"product_tag","embeddable":true,"href":"https:\/\/palmaequipmentrental.com\/es\/wp-json\/wp\/v2\/product_tag?post=7035"}],"curies":[{"name":"wp","href":"https:\/\/api.w.org\/{rel}","templated":true}]}}