{"id":7041,"date":"2022-03-23T11:55:41","date_gmt":"2022-03-23T11:55:41","guid":{"rendered":"https:\/\/www.palmaequipmentrental.com\/?post_type=product&#038;p=7041"},"modified":"2024-01-09T11:21:41","modified_gmt":"2024-01-09T11:21:41","slug":"nikon-af-s-nikkor-50mm-f-1-4g","status":"publish","type":"product","link":"https:\/\/palmaequipmentrental.com\/es\/photo-video-equipment-mallorca\/nikon-af-s-nikkor-50mm-f-1-4g\/","title":{"rendered":"Nikon AF-S 50mm f\/1.4G"},"content":{"rendered":"<p><strong>Objetivo Nikon AF-S FX NIKKOR 50mm f\/1.4G<\/strong> con enfoque autom\u00e1tico para c\u00e1maras DSLR de Nikon<\/p>\n<p>Objetivo est\u00e1ndar de 50 mm de gran apertura con una \u00f3ptica de alta calidad y el exclusivo Motor de Onda Silenciosa (SWM) de Nikon para un funcionamiento silencioso. Cuenta con una gran apertura m\u00e1xima de f\/1.4 que garantiza una imagen brillante en el visor, y es ideal para situaciones de disparo con poca luz o cuando se desea una profundidad de campo reducida.<\/p>\n<p><strong>Caracter\u00edsticas<\/strong><\/p>\n<ul>\n<li>Apertura m\u00e1xima de F1.4; m\u00ednima de F16<\/li>\n<li>Motor AF de tipo ultras\u00f3nico con enfoque manual a tiempo completo, filtros de 58 mm<\/li>\n<li>Distancia m\u00ednima de enfoque: 0,45m\/17,72 pulgadas. Parasol del objetivo: HB-47<\/li>\n<li>Montura Nikon F para c\u00e1maras DSLR FX y DX. Rendimiento de autoenfoque sin precedentes.Tipo de montura: Nikon F-Bayonet<\/li>\n<\/ul>\n","protected":false},"excerpt":{"rendered":"<p>Objetivo Nikon AF-S FX NIKKOR 50mm f\/1.4G con enfoque autom\u00e1tico para c\u00e1maras DSLR de Nikon Objetivo est\u00e1ndar de 50 mm de gran apertura con una \u00f3ptica de alta calidad y el exclusivo Motor de Onda Silenciosa (SWM) de Nikon para un funcionamiento silencioso. Cuenta con una gran apertura m\u00e1xima de f\/1.4 que garantiza una imagen brillante en el visor, y [&hellip;]<\/p>\n","protected":false},"featured_media":9704,"template":"","meta":[],"product_cat":[402,448],"product_tag":[],"class_list":{"0":"post-7041","1":"product","2":"type-product","3":"status-publish","4":"has-post-thumbnail","6":"product_cat-objetivos-nikon","7":"product_cat-objetivos-nikon-es","9":"first","10":"instock","11":"shipping-taxable","12":"purchasable","13":"product-type-simple"},"_links":{"self":[{"href":"https:\/\/palmaequipmentrental.com\/es\/wp-json\/wp\/v2\/product\/7041","targetHints":{"allow":["GET"]}}],"collection":[{"href":"https:\/\/palmaequipmentrental.com\/es\/wp-json\/wp\/v2\/product"}],"about":[{"href":"https:\/\/palmaequipmentrental.com\/es\/wp-json\/wp\/v2\/types\/product"}],"wp:featuredmedia":[{"embeddable":true,"href":"https:\/\/palmaequipmentrental.com\/es\/wp-json\/wp\/v2\/media\/9704"}],"wp:attachment":[{"href":"https:\/\/palmaequipmentrental.com\/es\/wp-json\/wp\/v2\/media?parent=7041"}],"wp:term":[{"taxonomy":"product_cat","embeddable":true,"href":"https:\/\/palmaequipmentrental.com\/es\/wp-json\/wp\/v2\/product_cat?post=7041"},{"taxonomy":"product_tag","embeddable":true,"href":"https:\/\/palmaequipmentrental.com\/es\/wp-json\/wp\/v2\/product_tag?post=7041"}],"curies":[{"name":"wp","href":"https:\/\/api.w.org\/{rel}","templated":true}]}}