{"id":7054,"date":"2022-03-23T12:18:07","date_gmt":"2022-03-23T12:18:07","guid":{"rendered":"https:\/\/www.palmaequipmentrental.com\/product\/nikon-nikkor-70-200mm-f-2-8e-fl-ed-vr\/"},"modified":"2024-01-09T11:19:12","modified_gmt":"2024-01-09T11:19:12","slug":"nikon-nikkor-70-200mm-f-2-8e-fl-ed-vr","status":"publish","type":"product","link":"https:\/\/palmaequipmentrental.com\/es\/photo-video-equipment-mallorca\/nikon-nikkor-70-200mm-f-2-8e-fl-ed-vr\/","title":{"rendered":"Nikon AF-S 70-200mm f\/2.8E"},"content":{"rendered":"<p>Objetivo <strong>Nikon AF-S Nikkor 70-200mm f\/2.8E FL ED VR<\/strong> con enfoque autom\u00e1tico para c\u00e1maras r\u00e9flex digitales Nikon<\/p>\n<p>El rango de distancia focal de 70-200 mm cubre todas las bases. El r\u00e1pido diafragma de f\/2,8 proporciona un rendimiento excepcional con poca luz y una exposici\u00f3n constante en todo el rango del zoom. La distancia de enfoque m\u00e1s corta es ahora de 1,1 m y la relaci\u00f3n de reproducci\u00f3n m\u00e1xima ha aumentado de 0,11x a 0,21x.<\/p>\n<p><strong>Caracter\u00edsticas<\/strong><\/p>\n<ul>\n<li>Tipo de montura Nikon F-Bayonet<\/li>\n<li>Rango de distancia focal 70 &#8211; 200 mm<\/li>\n<li>Relaci\u00f3n de zoom 2,9x<\/li>\n<li>Apertura m\u00e1xima f\/ 2.8<\/li>\n<li>Apertura m\u00ednima f\/ 22<\/li>\n<li>Formato FX\/35mm<\/li>\n<li>Estabilizaci\u00f3n de imagen VR (Reducci\u00f3n de la vibraci\u00f3n)<\/li>\n<li>Distancia m\u00ednima de enfoque 1,1 m<\/li>\n<li>Tama\u00f1o del filtro 77mm<\/li>\n<\/ul>\n","protected":false},"excerpt":{"rendered":"<p>Objetivo Nikon AF-S Nikkor 70-200mm f\/2.8E FL ED VR con enfoque autom\u00e1tico para c\u00e1maras r\u00e9flex digitales Nikon El rango de distancia focal de 70-200 mm cubre todas las bases. El r\u00e1pido diafragma de f\/2,8 proporciona un rendimiento excepcional con poca luz y una exposici\u00f3n constante en todo el rango del zoom. La distancia de enfoque m\u00e1s corta es ahora de [&hellip;]<\/p>\n","protected":false},"featured_media":7052,"template":"","meta":[],"product_cat":[402,448],"product_tag":[],"class_list":{"0":"post-7054","1":"product","2":"type-product","3":"status-publish","4":"has-post-thumbnail","6":"product_cat-objetivos-nikon","7":"product_cat-objetivos-nikon-es","9":"first","10":"instock","11":"shipping-taxable","12":"purchasable","13":"product-type-simple"},"_links":{"self":[{"href":"https:\/\/palmaequipmentrental.com\/es\/wp-json\/wp\/v2\/product\/7054","targetHints":{"allow":["GET"]}}],"collection":[{"href":"https:\/\/palmaequipmentrental.com\/es\/wp-json\/wp\/v2\/product"}],"about":[{"href":"https:\/\/palmaequipmentrental.com\/es\/wp-json\/wp\/v2\/types\/product"}],"wp:featuredmedia":[{"embeddable":true,"href":"https:\/\/palmaequipmentrental.com\/es\/wp-json\/wp\/v2\/media\/7052"}],"wp:attachment":[{"href":"https:\/\/palmaequipmentrental.com\/es\/wp-json\/wp\/v2\/media?parent=7054"}],"wp:term":[{"taxonomy":"product_cat","embeddable":true,"href":"https:\/\/palmaequipmentrental.com\/es\/wp-json\/wp\/v2\/product_cat?post=7054"},{"taxonomy":"product_tag","embeddable":true,"href":"https:\/\/palmaequipmentrental.com\/es\/wp-json\/wp\/v2\/product_tag?post=7054"}],"curies":[{"name":"wp","href":"https:\/\/api.w.org\/{rel}","templated":true}]}}