{"id":7062,"date":"2022-03-23T13:15:43","date_gmt":"2022-03-23T13:15:43","guid":{"rendered":"https:\/\/www.palmaequipmentrental.com\/product\/canon-rf-24-70mm-28-l-is-usm\/"},"modified":"2022-08-05T12:22:12","modified_gmt":"2022-08-05T12:22:12","slug":"canon-rf-24-70mm-28-l-is-usm","status":"publish","type":"product","link":"https:\/\/palmaequipmentrental.com\/es\/photo-video-equipment-mallorca\/canon-rf-24-70mm-28-l-is-usm\/","title":{"rendered":"Canon RF 24-70mm\/2,8L IS USM"},"content":{"rendered":"<p><strong>Objetivo Canon RF 24-70mm\/2,8 L IS USM<\/strong><\/p>\n<p>Excelente ingenier\u00eda \u00f3ptica, una r\u00e1pida apertura m\u00e1xima de f\/2,8 y estabilizaci\u00f3n de imagen de 5 pasos.<\/p>\n<p><strong>Especificaciones\u00a0<\/strong><\/p>\n<ul>\n<li>F2.8 Para un rendimiento con poca luz y poca profundidad de campo<\/li>\n<li>Estabilizador de imagen. Estabilizaci\u00f3n de 5 pasos para obtener im\u00e1genes sin vibraciones<\/li>\n<li>Elementos asf\u00e9ricos y UD. Para obtener im\u00e1genes excepcionalmente n\u00edtidas<\/li>\n<li>Motor Nano USM. Para un funcionamiento suave, r\u00e1pido y silencioso<\/li>\n<li>ASC (revestimiento de esfera de aire). Para evitar los destellos y las im\u00e1genes fantasma<\/li>\n<li>Anillo de control del objetivo. Para un mayor control sobre el ISO, el diafragma y el obturador<\/li>\n<\/ul>\n","protected":false},"excerpt":{"rendered":"<p>Objetivo Canon RF 24-70mm\/2,8 L IS USM Excelente ingenier\u00eda \u00f3ptica, una r\u00e1pida apertura m\u00e1xima de f\/2,8 y estabilizaci\u00f3n de imagen de 5 pasos. Especificaciones\u00a0 F2.8 Para un rendimiento con poca luz y poca profundidad de campo Estabilizador de imagen. Estabilizaci\u00f3n de 5 pasos para obtener im\u00e1genes sin vibraciones Elementos asf\u00e9ricos y UD. Para obtener im\u00e1genes excepcionalmente n\u00edtidas Motor Nano USM. [&hellip;]<\/p>\n","protected":false},"featured_media":7060,"template":"","meta":[],"product_cat":[793,799],"product_tag":[],"class_list":{"0":"post-7062","1":"product","2":"type-product","3":"status-publish","4":"has-post-thumbnail","6":"product_cat-objetivos-rf","7":"product_cat-objetivos-rf-v","9":"first","10":"instock","11":"shipping-taxable","12":"purchasable","13":"product-type-simple"},"_links":{"self":[{"href":"https:\/\/palmaequipmentrental.com\/es\/wp-json\/wp\/v2\/product\/7062","targetHints":{"allow":["GET"]}}],"collection":[{"href":"https:\/\/palmaequipmentrental.com\/es\/wp-json\/wp\/v2\/product"}],"about":[{"href":"https:\/\/palmaequipmentrental.com\/es\/wp-json\/wp\/v2\/types\/product"}],"wp:featuredmedia":[{"embeddable":true,"href":"https:\/\/palmaequipmentrental.com\/es\/wp-json\/wp\/v2\/media\/7060"}],"wp:attachment":[{"href":"https:\/\/palmaequipmentrental.com\/es\/wp-json\/wp\/v2\/media?parent=7062"}],"wp:term":[{"taxonomy":"product_cat","embeddable":true,"href":"https:\/\/palmaequipmentrental.com\/es\/wp-json\/wp\/v2\/product_cat?post=7062"},{"taxonomy":"product_tag","embeddable":true,"href":"https:\/\/palmaequipmentrental.com\/es\/wp-json\/wp\/v2\/product_tag?post=7062"}],"curies":[{"name":"wp","href":"https:\/\/api.w.org\/{rel}","templated":true}]}}