{"id":7071,"date":"2022-03-23T13:37:40","date_gmt":"2022-03-23T13:37:40","guid":{"rendered":"https:\/\/www.palmaequipmentrental.com\/product\/canon-ring-mount-adapter-ef-eos-r\/"},"modified":"2023-10-11T13:55:18","modified_gmt":"2023-10-11T13:55:18","slug":"canon-ring-mount-adapter-ef-eos-r","status":"publish","type":"product","link":"https:\/\/palmaequipmentrental.com\/es\/photo-video-equipment-mallorca\/canon-ring-mount-adapter-ef-eos-r\/","title":{"rendered":"Canon Adaptador Montura EF-EOS R"},"content":{"rendered":"<p><strong>Canon Ring Mount Adapter EF-EOS R<\/strong><\/p>\n<p>El adaptador de montura EF-EOS R de Canon permite utilizar los objetivos de montura EF y EF-S en c\u00e1maras EOS R de Canon, a la vez que mantiene los mismos niveles de rendimiento y funcionalidad de las c\u00e1maras r\u00e9flex EOS.<\/p>\n","protected":false},"excerpt":{"rendered":"<p>Canon Ring Mount Adapter EF-EOS R El adaptador de montura EF-EOS R de Canon permite utilizar los objetivos de montura EF y EF-S en c\u00e1maras EOS R de Canon, a la vez que mantiene los mismos niveles de rendimiento y funcionalidad de las c\u00e1maras r\u00e9flex EOS.<\/p>\n","protected":false},"featured_media":7068,"template":"","meta":[],"product_cat":[801,795,799,793],"product_tag":[],"class_list":{"0":"post-7071","1":"product","2":"type-product","3":"status-publish","4":"has-post-thumbnail","6":"product_cat-objetivos-ef-es","7":"product_cat-objetivos-ef","8":"product_cat-objetivos-rf-v","9":"product_cat-objetivos-rf","11":"first","12":"instock","13":"shipping-taxable","14":"purchasable","15":"product-type-simple"},"_links":{"self":[{"href":"https:\/\/palmaequipmentrental.com\/es\/wp-json\/wp\/v2\/product\/7071","targetHints":{"allow":["GET"]}}],"collection":[{"href":"https:\/\/palmaequipmentrental.com\/es\/wp-json\/wp\/v2\/product"}],"about":[{"href":"https:\/\/palmaequipmentrental.com\/es\/wp-json\/wp\/v2\/types\/product"}],"wp:featuredmedia":[{"embeddable":true,"href":"https:\/\/palmaequipmentrental.com\/es\/wp-json\/wp\/v2\/media\/7068"}],"wp:attachment":[{"href":"https:\/\/palmaequipmentrental.com\/es\/wp-json\/wp\/v2\/media?parent=7071"}],"wp:term":[{"taxonomy":"product_cat","embeddable":true,"href":"https:\/\/palmaequipmentrental.com\/es\/wp-json\/wp\/v2\/product_cat?post=7071"},{"taxonomy":"product_tag","embeddable":true,"href":"https:\/\/palmaequipmentrental.com\/es\/wp-json\/wp\/v2\/product_tag?post=7071"}],"curies":[{"name":"wp","href":"https:\/\/api.w.org\/{rel}","templated":true}]}}