{"id":7119,"date":"2022-03-24T10:54:43","date_gmt":"2022-03-24T10:54:43","guid":{"rendered":"https:\/\/www.palmaequipmentrental.com\/?post_type=product&#038;p=7119"},"modified":"2022-10-17T13:51:59","modified_gmt":"2022-10-17T13:51:59","slug":"64gb-xqd-card-sony-440mbs","status":"publish","type":"product","link":"https:\/\/palmaequipmentrental.com\/es\/photo-video-equipment-mallorca\/64gb-xqd-card-sony-440mbs\/","title":{"rendered":"Sony Tarjeta Memoria  XQD 64GB"},"content":{"rendered":"<p><strong>Tarjeta XQD de 64 GB Sony 440MBS<\/strong><br \/>\nLa velocidad de escritura y lectura ultrarr\u00e1pida hace que esta tarjeta de memoria de nivel profesional sea el compa\u00f1ero perfecto para la captura de im\u00e1genes fijas y v\u00eddeos 4K a alta velocidad.<\/p>\n<p><strong>Velocidad de transferencia:<\/strong><\/p>\n<ul>\n<li>Escritura 400MB\/s<\/li>\n<li>Lectura 440MB\/s<\/li>\n<\/ul>\n","protected":false},"excerpt":{"rendered":"<p>Tarjeta XQD de 64 GB Sony 440MBS La velocidad de escritura y lectura ultrarr\u00e1pida hace que esta tarjeta de memoria de nivel profesional sea el compa\u00f1ero perfecto para la captura de im\u00e1genes fijas y v\u00eddeos 4K a alta velocidad. Velocidad de transferencia: Escritura 400MB\/s Lectura 440MB\/s<\/p>\n","protected":false},"featured_media":7117,"template":"","meta":[],"product_cat":[411,444],"product_tag":[],"class_list":{"0":"post-7119","1":"product","2":"type-product","3":"status-publish","4":"has-post-thumbnail","6":"product_cat-tarjetas","7":"product_cat-tarjetas-lectores","9":"first","10":"instock","11":"shipping-taxable","12":"purchasable","13":"product-type-simple"},"_links":{"self":[{"href":"https:\/\/palmaequipmentrental.com\/es\/wp-json\/wp\/v2\/product\/7119","targetHints":{"allow":["GET"]}}],"collection":[{"href":"https:\/\/palmaequipmentrental.com\/es\/wp-json\/wp\/v2\/product"}],"about":[{"href":"https:\/\/palmaequipmentrental.com\/es\/wp-json\/wp\/v2\/types\/product"}],"wp:featuredmedia":[{"embeddable":true,"href":"https:\/\/palmaequipmentrental.com\/es\/wp-json\/wp\/v2\/media\/7117"}],"wp:attachment":[{"href":"https:\/\/palmaequipmentrental.com\/es\/wp-json\/wp\/v2\/media?parent=7119"}],"wp:term":[{"taxonomy":"product_cat","embeddable":true,"href":"https:\/\/palmaequipmentrental.com\/es\/wp-json\/wp\/v2\/product_cat?post=7119"},{"taxonomy":"product_tag","embeddable":true,"href":"https:\/\/palmaequipmentrental.com\/es\/wp-json\/wp\/v2\/product_tag?post=7119"}],"curies":[{"name":"wp","href":"https:\/\/api.w.org\/{rel}","templated":true}]}}