{"id":7136,"date":"2022-03-24T11:25:54","date_gmt":"2022-03-24T11:25:54","guid":{"rendered":"https:\/\/www.palmaequipmentrental.com\/?post_type=product&#038;p=7136"},"modified":"2022-10-17T13:35:08","modified_gmt":"2022-10-17T13:35:08","slug":"xqd-card-reader","status":"publish","type":"product","link":"https:\/\/palmaequipmentrental.com\/es\/photo-video-equipment-mallorca\/xqd-card-reader\/","title":{"rendered":"Lector Tarjetas XQD"},"content":{"rendered":"<p>El <strong>lector de tarjetas SD \/ XQD<\/strong> de doble ranura est\u00e1 especialmente dise\u00f1ado para fot\u00f3grafos. Se puede descargar f\u00e1cilmente un gran n\u00famero de videos 4K e im\u00e1genes RAW desde nuestro lector de tarjetas XQD a un port\u00e1til a trav\u00e9s de la interfaz USB. \u00a0Admite tarjetas XQD y SD al mismo tiempo<\/p>\n","protected":false},"excerpt":{"rendered":"<p>El lector de tarjetas SD \/ XQD de doble ranura est\u00e1 especialmente dise\u00f1ado para fot\u00f3grafos. Se puede descargar f\u00e1cilmente un gran n\u00famero de videos 4K e im\u00e1genes RAW desde nuestro lector de tarjetas XQD a un port\u00e1til a trav\u00e9s de la interfaz USB. \u00a0Admite tarjetas XQD y SD al mismo tiempo<\/p>\n","protected":false},"featured_media":7134,"template":"","meta":[],"product_cat":[411,444],"product_tag":[],"class_list":{"0":"post-7136","1":"product","2":"type-product","3":"status-publish","4":"has-post-thumbnail","6":"product_cat-tarjetas","7":"product_cat-tarjetas-lectores","9":"first","10":"instock","11":"shipping-taxable","12":"purchasable","13":"product-type-simple"},"_links":{"self":[{"href":"https:\/\/palmaequipmentrental.com\/es\/wp-json\/wp\/v2\/product\/7136","targetHints":{"allow":["GET"]}}],"collection":[{"href":"https:\/\/palmaequipmentrental.com\/es\/wp-json\/wp\/v2\/product"}],"about":[{"href":"https:\/\/palmaequipmentrental.com\/es\/wp-json\/wp\/v2\/types\/product"}],"wp:featuredmedia":[{"embeddable":true,"href":"https:\/\/palmaequipmentrental.com\/es\/wp-json\/wp\/v2\/media\/7134"}],"wp:attachment":[{"href":"https:\/\/palmaequipmentrental.com\/es\/wp-json\/wp\/v2\/media?parent=7136"}],"wp:term":[{"taxonomy":"product_cat","embeddable":true,"href":"https:\/\/palmaequipmentrental.com\/es\/wp-json\/wp\/v2\/product_cat?post=7136"},{"taxonomy":"product_tag","embeddable":true,"href":"https:\/\/palmaequipmentrental.com\/es\/wp-json\/wp\/v2\/product_tag?post=7136"}],"curies":[{"name":"wp","href":"https:\/\/api.w.org\/{rel}","templated":true}]}}