{"id":7146,"date":"2022-03-24T11:53:54","date_gmt":"2022-03-24T11:53:54","guid":{"rendered":"https:\/\/www.palmaequipmentrental.com\/product\/manfrotto-055cxpro4-carbon-fibre-tripod\/"},"modified":"2023-10-05T14:27:32","modified_gmt":"2023-10-05T14:27:32","slug":"manfrotto-055cxpro4-carbon-fibre-tripod","status":"publish","type":"product","link":"https:\/\/palmaequipmentrental.com\/es\/photo-video-equipment-mallorca\/manfrotto-055cxpro4-carbon-fibre-tripod\/","title":{"rendered":"Manfrotto 055CXPRO4 Tr\u00edpode Carbon Fibre"},"content":{"rendered":"<p>T<strong>r\u00edpode Manfrotto 055CXPRO4 de Fibra de Carbono.<\/strong><\/p>\n<p>A\u00f1ade una r\u00f3tula de tu elecci\u00f3n:<\/p>\n<ul>\n<li>R\u00f3tula Manfrotto 808RC4 3D.<\/li>\n<li>R\u00f3tula de Bola Manfrotto.<\/li>\n<li>R\u00f3tula Manfrotto 405 Geared Head.<\/li>\n<li>R\u00f3tula Manfrotto 229 3D.<\/li>\n<\/ul>\n<p>El tr\u00edpode de fibra de carbono 055 de 4 secciones proporciona la m\u00e1xima rigidez con los componentes m\u00e1s ligeros; una obra maestra de la ingenier\u00eda dise\u00f1ada para fot\u00f3grafos que desean el mejor tr\u00edpode en t\u00e9rminos de robustez y caracter\u00edsticas profesionales y que adem\u00e1s sea f\u00e1cilmente transportable. Los tubos en 100% fibra de carbono y el nuevo sistema de bloqueo de las secciones de las patas QPL incrementan la rigidez del tr\u00edpode y absorben las vibraciones, estabilizando el equipo fotogr\u00e1fico en cualquier situaci\u00f3n.<\/p>\n<ul>\n<li>Peso 2.1 kg<\/li>\n<li>Secciones De Pata 4<\/li>\n<li>Altura M\u00e1xima 170 cm<\/li>\n<li>Altura M\u00ednima 9 cm<\/li>\n<li>Carga M\u00e1xima 9 kg<\/li>\n<\/ul>\n","protected":false},"excerpt":{"rendered":"<p>Tr\u00edpode Manfrotto 055CXPRO4 de Fibra de Carbono. A\u00f1ade una r\u00f3tula de tu elecci\u00f3n: R\u00f3tula Manfrotto 808RC4 3D. R\u00f3tula de Bola Manfrotto. R\u00f3tula Manfrotto 405 Geared Head. R\u00f3tula Manfrotto 229 3D. El tr\u00edpode de fibra de carbono 055 de 4 secciones proporciona la m\u00e1xima rigidez con los componentes m\u00e1s ligeros; una obra maestra de la ingenier\u00eda dise\u00f1ada para fot\u00f3grafos que desean [&hellip;]<\/p>\n","protected":false},"featured_media":7143,"template":"","meta":[],"product_cat":[755,204],"product_tag":[],"class_list":{"0":"post-7146","1":"product","2":"type-product","3":"status-publish","4":"has-post-thumbnail","6":"product_cat-estacion-de-trabajo-digital","7":"product_cat-tripods-es","9":"first","10":"instock","11":"shipping-taxable","12":"purchasable","13":"product-type-simple"},"_links":{"self":[{"href":"https:\/\/palmaequipmentrental.com\/es\/wp-json\/wp\/v2\/product\/7146","targetHints":{"allow":["GET"]}}],"collection":[{"href":"https:\/\/palmaequipmentrental.com\/es\/wp-json\/wp\/v2\/product"}],"about":[{"href":"https:\/\/palmaequipmentrental.com\/es\/wp-json\/wp\/v2\/types\/product"}],"wp:featuredmedia":[{"embeddable":true,"href":"https:\/\/palmaequipmentrental.com\/es\/wp-json\/wp\/v2\/media\/7143"}],"wp:attachment":[{"href":"https:\/\/palmaequipmentrental.com\/es\/wp-json\/wp\/v2\/media?parent=7146"}],"wp:term":[{"taxonomy":"product_cat","embeddable":true,"href":"https:\/\/palmaequipmentrental.com\/es\/wp-json\/wp\/v2\/product_cat?post=7146"},{"taxonomy":"product_tag","embeddable":true,"href":"https:\/\/palmaequipmentrental.com\/es\/wp-json\/wp\/v2\/product_tag?post=7146"}],"curies":[{"name":"wp","href":"https:\/\/api.w.org\/{rel}","templated":true}]}}