{"id":7171,"date":"2022-03-25T08:33:38","date_gmt":"2022-03-25T08:33:38","guid":{"rendered":"https:\/\/www.palmaequipmentrental.com\/?post_type=product&#038;p=7171"},"modified":"2022-08-05T12:22:10","modified_gmt":"2022-08-05T12:22:10","slug":"manfrotto-horizontal-arm-3-8","status":"publish","type":"product","link":"https:\/\/palmaequipmentrental.com\/es\/photo-video-equipment-mallorca\/manfrotto-horizontal-arm-3-8\/","title":{"rendered":"Manfrotto Brazo Horizontal 3\/8\u00bb"},"content":{"rendered":"<p><strong>Manfrotto Brazo Horizontal 3\/8\u00bb para 2 R\u00f3tulas<\/strong><\/p>\n<ul>\n<li>Permite colocar 1 r\u00f3tula en cada extremo en \u00e1ngulo vertical 90\u00b0<\/li>\n<li>Se monta a cualquier columna con rosca 3\/8\u00bb<\/li>\n<li>Rosca hembra de 3\/8\u00bb<\/li>\n<\/ul>\n","protected":false},"excerpt":{"rendered":"<p>Manfrotto Brazo Horizontal 3\/8\u00bb para 2 R\u00f3tulas Permite colocar 1 r\u00f3tula en cada extremo en \u00e1ngulo vertical 90\u00b0 Se monta a cualquier columna con rosca 3\/8\u00bb Rosca hembra de 3\/8\u00bb<\/p>\n","protected":false},"featured_media":7169,"template":"","meta":[],"product_cat":[204],"product_tag":[],"class_list":{"0":"post-7171","1":"product","2":"type-product","3":"status-publish","4":"has-post-thumbnail","6":"product_cat-tripods-es","8":"first","9":"instock","10":"shipping-taxable","11":"purchasable","12":"product-type-simple"},"_links":{"self":[{"href":"https:\/\/palmaequipmentrental.com\/es\/wp-json\/wp\/v2\/product\/7171","targetHints":{"allow":["GET"]}}],"collection":[{"href":"https:\/\/palmaequipmentrental.com\/es\/wp-json\/wp\/v2\/product"}],"about":[{"href":"https:\/\/palmaequipmentrental.com\/es\/wp-json\/wp\/v2\/types\/product"}],"wp:featuredmedia":[{"embeddable":true,"href":"https:\/\/palmaequipmentrental.com\/es\/wp-json\/wp\/v2\/media\/7169"}],"wp:attachment":[{"href":"https:\/\/palmaequipmentrental.com\/es\/wp-json\/wp\/v2\/media?parent=7171"}],"wp:term":[{"taxonomy":"product_cat","embeddable":true,"href":"https:\/\/palmaequipmentrental.com\/es\/wp-json\/wp\/v2\/product_cat?post=7171"},{"taxonomy":"product_tag","embeddable":true,"href":"https:\/\/palmaequipmentrental.com\/es\/wp-json\/wp\/v2\/product_tag?post=7171"}],"curies":[{"name":"wp","href":"https:\/\/api.w.org\/{rel}","templated":true}]}}