{"id":7179,"date":"2022-03-25T08:45:40","date_gmt":"2022-03-25T08:45:40","guid":{"rendered":"https:\/\/www.palmaequipmentrental.com\/product\/canon-battery-lp-e6\/"},"modified":"2023-10-11T13:54:41","modified_gmt":"2023-10-11T13:54:41","slug":"canon-battery-lp-e6","status":"publish","type":"product","link":"https:\/\/palmaequipmentrental.com\/es\/photo-video-equipment-mallorca\/canon-battery-lp-e6\/","title":{"rendered":"Canon Bater\u00eda LP-E6"},"content":{"rendered":"<p>Una <strong>Canon LP-E6<\/strong> bater\u00eda adicional o de repuesto original de Canon para c\u00e1maras compatibles.<\/p>\n<ul class=\"product-highlights--list\">\n<li class=\"basic-list--item p-5\">Compatible con el cargador de bater\u00eda LC-E6E<\/li>\n<li class=\"basic-list--item p-5\"><i class=\"icon-dot list-dot list-dot__style-2\"><\/i>Tecnolog\u00eda de ion-litio<\/li>\n<\/ul>\n","protected":false},"excerpt":{"rendered":"<p>Una Canon LP-E6 bater\u00eda adicional o de repuesto original de Canon para c\u00e1maras compatibles. Compatible con el cargador de bater\u00eda LC-E6E Tecnolog\u00eda de ion-litio<\/p>\n","protected":false},"featured_media":7177,"template":"","meta":[],"product_cat":[392,442],"product_tag":[],"class_list":{"0":"post-7179","1":"product","2":"type-product","3":"status-publish","4":"has-post-thumbnail","6":"product_cat-baterias-cargadores-es","7":"product_cat-baterias-cargadores-es-2","9":"first","10":"instock","11":"shipping-taxable","12":"purchasable","13":"product-type-simple"},"_links":{"self":[{"href":"https:\/\/palmaequipmentrental.com\/es\/wp-json\/wp\/v2\/product\/7179","targetHints":{"allow":["GET"]}}],"collection":[{"href":"https:\/\/palmaequipmentrental.com\/es\/wp-json\/wp\/v2\/product"}],"about":[{"href":"https:\/\/palmaequipmentrental.com\/es\/wp-json\/wp\/v2\/types\/product"}],"wp:featuredmedia":[{"embeddable":true,"href":"https:\/\/palmaequipmentrental.com\/es\/wp-json\/wp\/v2\/media\/7177"}],"wp:attachment":[{"href":"https:\/\/palmaequipmentrental.com\/es\/wp-json\/wp\/v2\/media?parent=7179"}],"wp:term":[{"taxonomy":"product_cat","embeddable":true,"href":"https:\/\/palmaequipmentrental.com\/es\/wp-json\/wp\/v2\/product_cat?post=7179"},{"taxonomy":"product_tag","embeddable":true,"href":"https:\/\/palmaequipmentrental.com\/es\/wp-json\/wp\/v2\/product_tag?post=7179"}],"curies":[{"name":"wp","href":"https:\/\/api.w.org\/{rel}","templated":true}]}}