{"id":7196,"date":"2022-03-25T09:24:08","date_gmt":"2022-03-25T09:24:08","guid":{"rendered":"https:\/\/www.palmaequipmentrental.com\/?post_type=product&#038;p=7196"},"modified":"2023-10-11T13:52:43","modified_gmt":"2023-10-11T13:52:43","slug":"canon-5d-mark-iii-battery-grip-bg-e11","status":"publish","type":"product","link":"https:\/\/palmaequipmentrental.com\/es\/photo-video-equipment-mallorca\/canon-5d-mark-iii-battery-grip-bg-e11\/","title":{"rendered":"Canon Empu\u00f1adura BG-E11 para 5D MKIII"},"content":{"rendered":"<p>A\u00f1ade una empu\u00f1adura a tu c\u00e1mara EOS compatible para aumentar la duraci\u00f3n de la bater\u00eda y mejorar el manejo de la c\u00e1mara.<br \/>\nCompatible con la bater\u00eda LP-E6.<\/p>\n<h4 class=\"header-7 icon-bulleted-list--header\">Compatibilidad garantizada con:<\/h4>\n<ul>\n<li>EOS 5D Mark III<\/li>\n<li>EOS 5DS<\/li>\n<li><i class=\"icon-dot list-dot list-dot__style-2\"><\/i>EOS 5DS R<i class=\"icon-dot list-dot list-dot__style-2\"><\/i><\/li>\n<\/ul>\n","protected":false},"excerpt":{"rendered":"<p>A\u00f1ade una empu\u00f1adura a tu c\u00e1mara EOS compatible para aumentar la duraci\u00f3n de la bater\u00eda y mejorar el manejo de la c\u00e1mara. Compatible con la bater\u00eda LP-E6. Compatibilidad garantizada con: EOS 5D Mark III EOS 5DS EOS 5DS R<\/p>\n","protected":false},"featured_media":7194,"template":"","meta":[],"product_cat":[442,392],"product_tag":[],"class_list":{"0":"post-7196","1":"product","2":"type-product","3":"status-publish","4":"has-post-thumbnail","6":"product_cat-baterias-cargadores-es-2","7":"product_cat-baterias-cargadores-es","9":"first","10":"instock","11":"shipping-taxable","12":"purchasable","13":"product-type-simple"},"_links":{"self":[{"href":"https:\/\/palmaequipmentrental.com\/es\/wp-json\/wp\/v2\/product\/7196","targetHints":{"allow":["GET"]}}],"collection":[{"href":"https:\/\/palmaequipmentrental.com\/es\/wp-json\/wp\/v2\/product"}],"about":[{"href":"https:\/\/palmaequipmentrental.com\/es\/wp-json\/wp\/v2\/types\/product"}],"wp:featuredmedia":[{"embeddable":true,"href":"https:\/\/palmaequipmentrental.com\/es\/wp-json\/wp\/v2\/media\/7194"}],"wp:attachment":[{"href":"https:\/\/palmaequipmentrental.com\/es\/wp-json\/wp\/v2\/media?parent=7196"}],"wp:term":[{"taxonomy":"product_cat","embeddable":true,"href":"https:\/\/palmaequipmentrental.com\/es\/wp-json\/wp\/v2\/product_cat?post=7196"},{"taxonomy":"product_tag","embeddable":true,"href":"https:\/\/palmaequipmentrental.com\/es\/wp-json\/wp\/v2\/product_tag?post=7196"}],"curies":[{"name":"wp","href":"https:\/\/api.w.org\/{rel}","templated":true}]}}