{"id":7207,"date":"2022-03-25T09:41:42","date_gmt":"2022-03-25T09:41:42","guid":{"rendered":"https:\/\/www.palmaequipmentrental.com\/?post_type=product&#038;p=7207"},"modified":"2023-10-11T13:53:22","modified_gmt":"2023-10-11T13:53:22","slug":"canon-5d-mark-iv-battery-grip-bg-e20","status":"publish","type":"product","link":"https:\/\/palmaequipmentrental.com\/es\/photo-video-equipment-mallorca\/canon-5d-mark-iv-battery-grip-bg-e20\/","title":{"rendered":"Canon Empu\u00f1adura BG-E20 para 5D Mark IV"},"content":{"rendered":"<p>A\u00f1ade una empu\u00f1adura bater\u00eda a tu c\u00e1mara EOS compatible para aumentar la duraci\u00f3n de la bater\u00eda y mejorar el manejo de la c\u00e1mara.<\/p>\n<div class=\"pdp-desktop-only\">\n<ul class=\"product-highlights--list\">\n<li class=\"basic-list--item p-5\">Compatible con la EOS 5D Mark IV<\/li>\n<li class=\"basic-list--item p-5\"><i class=\"icon-dot list-dot list-dot__style-2\"><\/i>Compatible con las bater\u00edas LP-E6 y LP-E6N<\/li>\n<\/ul>\n<\/div>\n","protected":false},"excerpt":{"rendered":"<p>A\u00f1ade una empu\u00f1adura bater\u00eda a tu c\u00e1mara EOS compatible para aumentar la duraci\u00f3n de la bater\u00eda y mejorar el manejo de la c\u00e1mara. Compatible con la EOS 5D Mark IV Compatible con las bater\u00edas LP-E6 y LP-E6N<\/p>\n","protected":false},"featured_media":7210,"template":"","meta":[],"product_cat":[392,442],"product_tag":[],"class_list":{"0":"post-7207","1":"product","2":"type-product","3":"status-publish","4":"has-post-thumbnail","6":"product_cat-baterias-cargadores-es","7":"product_cat-baterias-cargadores-es-2","9":"first","10":"instock","11":"shipping-taxable","12":"purchasable","13":"product-type-simple"},"_links":{"self":[{"href":"https:\/\/palmaequipmentrental.com\/es\/wp-json\/wp\/v2\/product\/7207","targetHints":{"allow":["GET"]}}],"collection":[{"href":"https:\/\/palmaequipmentrental.com\/es\/wp-json\/wp\/v2\/product"}],"about":[{"href":"https:\/\/palmaequipmentrental.com\/es\/wp-json\/wp\/v2\/types\/product"}],"wp:featuredmedia":[{"embeddable":true,"href":"https:\/\/palmaequipmentrental.com\/es\/wp-json\/wp\/v2\/media\/7210"}],"wp:attachment":[{"href":"https:\/\/palmaequipmentrental.com\/es\/wp-json\/wp\/v2\/media?parent=7207"}],"wp:term":[{"taxonomy":"product_cat","embeddable":true,"href":"https:\/\/palmaequipmentrental.com\/es\/wp-json\/wp\/v2\/product_cat?post=7207"},{"taxonomy":"product_tag","embeddable":true,"href":"https:\/\/palmaequipmentrental.com\/es\/wp-json\/wp\/v2\/product_tag?post=7207"}],"curies":[{"name":"wp","href":"https:\/\/api.w.org\/{rel}","templated":true}]}}