{"id":7247,"date":"2022-03-25T10:59:56","date_gmt":"2022-03-25T10:59:56","guid":{"rendered":"https:\/\/www.palmaequipmentrental.com\/?post_type=product&#038;p=7247"},"modified":"2023-10-12T12:50:43","modified_gmt":"2023-10-12T12:50:43","slug":"nikon-lock-block-ports-protecter","status":"publish","type":"product","link":"https:\/\/palmaequipmentrental.com\/es\/photo-video-equipment-mallorca\/nikon-lock-block-ports-protecter\/","title":{"rendered":"Nikon Protector Puertos LockBlock"},"content":{"rendered":"<p><strong>Protector de puertos Nikon LockBlock<\/strong><br \/>\nEl LockBlock protege la c\u00e1mara de errores de conexi\u00f3n USB y da\u00f1os f\u00edsicos causados \u200b\u200bpor la fricci\u00f3n entre el conector y el cable durante la conexi\u00f3n.<\/p>\n","protected":false},"excerpt":{"rendered":"<p>Protector de puertos Nikon LockBlock El LockBlock protege la c\u00e1mara de errores de conexi\u00f3n USB y da\u00f1os f\u00edsicos causados \u200b\u200bpor la fricci\u00f3n entre el conector y el cable durante la conexi\u00f3n.<\/p>\n","protected":false},"featured_media":7245,"template":"","meta":[],"product_cat":[408],"product_tag":[],"class_list":{"0":"post-7247","1":"product","2":"type-product","3":"status-publish","4":"has-post-thumbnail","6":"product_cat-cables-tether","8":"first","9":"instock","10":"shipping-taxable","11":"purchasable","12":"product-type-simple"},"_links":{"self":[{"href":"https:\/\/palmaequipmentrental.com\/es\/wp-json\/wp\/v2\/product\/7247","targetHints":{"allow":["GET"]}}],"collection":[{"href":"https:\/\/palmaequipmentrental.com\/es\/wp-json\/wp\/v2\/product"}],"about":[{"href":"https:\/\/palmaequipmentrental.com\/es\/wp-json\/wp\/v2\/types\/product"}],"wp:featuredmedia":[{"embeddable":true,"href":"https:\/\/palmaequipmentrental.com\/es\/wp-json\/wp\/v2\/media\/7245"}],"wp:attachment":[{"href":"https:\/\/palmaequipmentrental.com\/es\/wp-json\/wp\/v2\/media?parent=7247"}],"wp:term":[{"taxonomy":"product_cat","embeddable":true,"href":"https:\/\/palmaequipmentrental.com\/es\/wp-json\/wp\/v2\/product_cat?post=7247"},{"taxonomy":"product_tag","embeddable":true,"href":"https:\/\/palmaequipmentrental.com\/es\/wp-json\/wp\/v2\/product_tag?post=7247"}],"curies":[{"name":"wp","href":"https:\/\/api.w.org\/{rel}","templated":true}]}}