{"id":7297,"date":"2022-03-25T12:35:17","date_gmt":"2022-03-25T12:35:17","guid":{"rendered":"https:\/\/www.palmaequipmentrental.com\/?post_type=product&#038;p=7297"},"modified":"2023-10-12T12:49:31","modified_gmt":"2023-10-12T12:49:31","slug":"aputure-barn-doors-f10","status":"publish","type":"product","link":"https:\/\/palmaequipmentrental.com\/es\/photo-video-equipment-mallorca\/aputure-barn-doors-f10\/","title":{"rendered":"Aputure Viseras Fresnel F10"},"content":{"rendered":"<p>Las\u00a0Viseras\u00a0<strong>F10 Barn Doors<\/strong> est\u00e1n dise\u00f1adas para el <strong>Fresnel F10<\/strong>, y se deslizan en su ranura de accesorios est\u00e1ndar de 13,1 pulgadas (333 mm). Al igual que con los accesorios de Fresnel tradicionales, las hojas del F10 est\u00e1n dise\u00f1adas para ser lo suficientemente grandes como para dar forma y controlar la salida de luz de un Fresnel de 10 pulgadas est\u00e1ndar.<\/p>\n<ul>\n<li>Compatible con Aputure F10 Fresnel de montaje Bowens<\/li>\n<li>8 viseras ajustables individualmente<\/li>\n<\/ul>\n<p>&nbsp;<\/p>\n","protected":false},"excerpt":{"rendered":"<p>Las\u00a0Viseras\u00a0F10 Barn Doors est\u00e1n dise\u00f1adas para el Fresnel F10, y se deslizan en su ranura de accesorios est\u00e1ndar de 13,1 pulgadas (333 mm). Al igual que con los accesorios de Fresnel tradicionales, las hojas del F10 est\u00e1n dise\u00f1adas para ser lo suficientemente grandes como para dar forma y controlar la salida de luz de un Fresnel de 10 pulgadas est\u00e1ndar. [&hellip;]<\/p>\n","protected":false},"featured_media":11096,"template":"","meta":[],"product_cat":[776,774],"product_tag":[],"class_list":{"0":"post-7297","1":"product","2":"type-product","3":"status-publish","4":"has-post-thumbnail","6":"product_cat-aputure-modificadores","7":"product_cat-aputure-modificadores-v","9":"first","10":"instock","11":"shipping-taxable","12":"purchasable","13":"product-type-simple"},"_links":{"self":[{"href":"https:\/\/palmaequipmentrental.com\/es\/wp-json\/wp\/v2\/product\/7297","targetHints":{"allow":["GET"]}}],"collection":[{"href":"https:\/\/palmaequipmentrental.com\/es\/wp-json\/wp\/v2\/product"}],"about":[{"href":"https:\/\/palmaequipmentrental.com\/es\/wp-json\/wp\/v2\/types\/product"}],"wp:featuredmedia":[{"embeddable":true,"href":"https:\/\/palmaequipmentrental.com\/es\/wp-json\/wp\/v2\/media\/11096"}],"wp:attachment":[{"href":"https:\/\/palmaequipmentrental.com\/es\/wp-json\/wp\/v2\/media?parent=7297"}],"wp:term":[{"taxonomy":"product_cat","embeddable":true,"href":"https:\/\/palmaequipmentrental.com\/es\/wp-json\/wp\/v2\/product_cat?post=7297"},{"taxonomy":"product_tag","embeddable":true,"href":"https:\/\/palmaequipmentrental.com\/es\/wp-json\/wp\/v2\/product_tag?post=7297"}],"curies":[{"name":"wp","href":"https:\/\/api.w.org\/{rel}","templated":true}]}}