{"id":7349,"date":"2022-03-28T07:03:17","date_gmt":"2022-03-28T07:03:17","guid":{"rendered":"https:\/\/www.palmaequipmentrental.com\/?post_type=product&#038;p=7349"},"modified":"2022-08-10T12:35:37","modified_gmt":"2022-08-10T12:35:37","slug":"vari-nd-82mm","status":"publish","type":"product","link":"https:\/\/palmaequipmentrental.com\/es\/photo-video-equipment-mallorca\/vari-nd-82mm\/","title":{"rendered":"Filtro Vari ND 82 mm"},"content":{"rendered":"<p><strong>Filtro ND para Objetivos de 82mm<\/strong><\/p>\n<p>El filtro\u00a0Heliopan de densidad Neutra Variable, es un filtro especialmente dise\u00f1ado para los objetivos mas angulares y con la particularidad de restar de 1 a 6 pasos de diafragma o de velocidad sin alterar resultados finales.<\/p>\n<ul>\n<li>Reduce la cantidad de luz que llega al sensor digital o al plano de la pel\u00edcula<\/li>\n<li>No tiene ning\u00fan efecto en el equilibrio de color y permite capturar im\u00e1genes como el movimiento acelerado del caos en forma de remolino del tr\u00e1fico de la ciudad<\/li>\n<li>Este filtro permite filmar la imagen bajo condiciones de luz intensa en la misma abertura pero a una velocidad de obturaci\u00f3n m\u00e1s lenta<\/li>\n<li>La profundidad de campo tambi\u00e9n se minimizar\u00e1 permitiendo conseguir m\u00e1s separaci\u00f3n entre el primer plano y el fondo<\/li>\n<\/ul>\n","protected":false},"excerpt":{"rendered":"<p>Filtro ND para Objetivos de 82mm El filtro\u00a0Heliopan de densidad Neutra Variable, es un filtro especialmente dise\u00f1ado para los objetivos mas angulares y con la particularidad de restar de 1 a 6 pasos de diafragma o de velocidad sin alterar resultados finales. Reduce la cantidad de luz que llega al sensor digital o al plano de la pel\u00edcula No tiene [&hellip;]<\/p>\n","protected":false},"featured_media":9707,"template":"","meta":[],"product_cat":[405,446],"product_tag":[],"class_list":{"0":"post-7349","1":"product","2":"type-product","3":"status-publish","4":"has-post-thumbnail","6":"product_cat-filtros-es","7":"product_cat-filtros-anillos-adaptadores","9":"first","10":"instock","11":"shipping-taxable","12":"purchasable","13":"product-type-simple"},"_links":{"self":[{"href":"https:\/\/palmaequipmentrental.com\/es\/wp-json\/wp\/v2\/product\/7349","targetHints":{"allow":["GET"]}}],"collection":[{"href":"https:\/\/palmaequipmentrental.com\/es\/wp-json\/wp\/v2\/product"}],"about":[{"href":"https:\/\/palmaequipmentrental.com\/es\/wp-json\/wp\/v2\/types\/product"}],"wp:featuredmedia":[{"embeddable":true,"href":"https:\/\/palmaequipmentrental.com\/es\/wp-json\/wp\/v2\/media\/9707"}],"wp:attachment":[{"href":"https:\/\/palmaequipmentrental.com\/es\/wp-json\/wp\/v2\/media?parent=7349"}],"wp:term":[{"taxonomy":"product_cat","embeddable":true,"href":"https:\/\/palmaequipmentrental.com\/es\/wp-json\/wp\/v2\/product_cat?post=7349"},{"taxonomy":"product_tag","embeddable":true,"href":"https:\/\/palmaequipmentrental.com\/es\/wp-json\/wp\/v2\/product_tag?post=7349"}],"curies":[{"name":"wp","href":"https:\/\/api.w.org\/{rel}","templated":true}]}}