{"id":7409,"date":"2022-03-28T11:18:32","date_gmt":"2022-03-28T11:18:32","guid":{"rendered":"https:\/\/www.palmaequipmentrental.com\/?post_type=product&#038;p=7409"},"modified":"2023-01-24T13:43:38","modified_gmt":"2023-01-24T13:43:38","slug":"netgear-nighthawk-5g-portable-hotspot","status":"publish","type":"product","link":"https:\/\/palmaequipmentrental.com\/es\/photo-video-equipment-mallorca\/netgear-nighthawk-5g-portable-hotspot\/","title":{"rendered":"Netgear Nighthawk 5G Router Port\u00e1til"},"content":{"rendered":"<p><strong>Router m\u00f3vil Nighthawk M5 Hotspot port\u00e1til.<\/strong><\/p>\n<p>Si est\u00e1s en una zona remota sin conexi\u00f3n WiFi disponible o en una zona congestionada con muchas redes WiFi circundantes, el M5 mantendr\u00e1 hasta 32 dispositivos conectados a 5G o 4G a trav\u00e9s de WiFi.<\/p>\n","protected":false},"excerpt":{"rendered":"<p>Router m\u00f3vil Nighthawk M5 Hotspot port\u00e1til. Si est\u00e1s en una zona remota sin conexi\u00f3n WiFi disponible o en una zona congestionada con muchas redes WiFi circundantes, el M5 mantendr\u00e1 hasta 32 dispositivos conectados a 5G o 4G a trav\u00e9s de WiFi.<\/p>\n","protected":false},"featured_media":7406,"template":"","meta":[],"product_cat":[186],"product_tag":[],"class_list":{"0":"post-7409","1":"product","2":"type-product","3":"status-publish","4":"has-post-thumbnail","6":"product_cat-on-location-es","8":"first","9":"instock","10":"shipping-taxable","11":"purchasable","12":"product-type-simple"},"_links":{"self":[{"href":"https:\/\/palmaequipmentrental.com\/es\/wp-json\/wp\/v2\/product\/7409","targetHints":{"allow":["GET"]}}],"collection":[{"href":"https:\/\/palmaequipmentrental.com\/es\/wp-json\/wp\/v2\/product"}],"about":[{"href":"https:\/\/palmaequipmentrental.com\/es\/wp-json\/wp\/v2\/types\/product"}],"wp:featuredmedia":[{"embeddable":true,"href":"https:\/\/palmaequipmentrental.com\/es\/wp-json\/wp\/v2\/media\/7406"}],"wp:attachment":[{"href":"https:\/\/palmaequipmentrental.com\/es\/wp-json\/wp\/v2\/media?parent=7409"}],"wp:term":[{"taxonomy":"product_cat","embeddable":true,"href":"https:\/\/palmaequipmentrental.com\/es\/wp-json\/wp\/v2\/product_cat?post=7409"},{"taxonomy":"product_tag","embeddable":true,"href":"https:\/\/palmaequipmentrental.com\/es\/wp-json\/wp\/v2\/product_tag?post=7409"}],"curies":[{"name":"wp","href":"https:\/\/api.w.org\/{rel}","templated":true}]}}