{"id":7420,"date":"2022-03-28T11:45:43","date_gmt":"2022-03-28T11:45:43","guid":{"rendered":"https:\/\/www.palmaequipmentrental.com\/product\/g1s-rgb-video-light\/"},"modified":"2022-09-06T09:19:58","modified_gmt":"2022-09-06T09:19:58","slug":"g1s-rgb-video-light","status":"publish","type":"product","link":"https:\/\/palmaequipmentrental.com\/es\/photo-video-equipment-mallorca\/g1s-rgb-video-light\/","title":{"rendered":"G1s Luz Video RGB"},"content":{"rendered":"<p>La <strong>luz de v\u00eddeo RGB bicolor compacta Pixel G1s<\/strong> con bater\u00eda interna ofrece una amplia gama de temperatura de color de 2500 a 8500K y tambi\u00e9n permite seleccionar entre toda la gama de colores RGB y 12 efectos de escena incorporados.<\/p>\n<p><strong>Especificaciones:<\/strong><\/p>\n<ul>\n<li>Potencia: 12W<\/li>\n<li>Tama\u00f1o: 133x83x16mm<\/li>\n<li>Temperatura de color: 2500~8500K<\/li>\n<li>Gama de colores RGB seleccionable: 0 ~ 360 \u00b0 Color Hue completo<\/li>\n<li>Tiempo de uso a plena potencia: 150min<\/li>\n<li>TLCI: &gt;96<\/li>\n<li>Capacidad de la bater\u00eda: 7.4V 3200mAh<\/li>\n<li>12 efectos de escena incorporados.<\/li>\n<li>Adaptador de zapata de 1\/4&#8243;-20<\/li>\n<li>Mini R\u00f3tula de bola incluida<\/li>\n<\/ul>\n","protected":false},"excerpt":{"rendered":"<p>La luz de v\u00eddeo RGB bicolor compacta Pixel G1s con bater\u00eda interna ofrece una amplia gama de temperatura de color de 2500 a 8500K y tambi\u00e9n permite seleccionar entre toda la gama de colores RGB y 12 efectos de escena incorporados. Especificaciones: Potencia: 12W Tama\u00f1o: 133x83x16mm Temperatura de color: 2500~8500K Gama de colores RGB seleccionable: 0 ~ 360 \u00b0 Color [&hellip;]<\/p>\n","protected":false},"featured_media":9501,"template":"","meta":[],"product_cat":[189,238,239],"product_tag":[],"class_list":{"0":"post-7420","1":"product","2":"type-product","3":"status-publish","4":"has-post-thumbnail","6":"product_cat-accesorios-de-camara","7":"product_cat-led","8":"product_cat-luz-led","10":"first","11":"instock","12":"shipping-taxable","13":"purchasable","14":"product-type-simple"},"_links":{"self":[{"href":"https:\/\/palmaequipmentrental.com\/es\/wp-json\/wp\/v2\/product\/7420","targetHints":{"allow":["GET"]}}],"collection":[{"href":"https:\/\/palmaequipmentrental.com\/es\/wp-json\/wp\/v2\/product"}],"about":[{"href":"https:\/\/palmaequipmentrental.com\/es\/wp-json\/wp\/v2\/types\/product"}],"wp:featuredmedia":[{"embeddable":true,"href":"https:\/\/palmaequipmentrental.com\/es\/wp-json\/wp\/v2\/media\/9501"}],"wp:attachment":[{"href":"https:\/\/palmaequipmentrental.com\/es\/wp-json\/wp\/v2\/media?parent=7420"}],"wp:term":[{"taxonomy":"product_cat","embeddable":true,"href":"https:\/\/palmaequipmentrental.com\/es\/wp-json\/wp\/v2\/product_cat?post=7420"},{"taxonomy":"product_tag","embeddable":true,"href":"https:\/\/palmaequipmentrental.com\/es\/wp-json\/wp\/v2\/product_tag?post=7420"}],"curies":[{"name":"wp","href":"https:\/\/api.w.org\/{rel}","templated":true}]}}