{"id":7694,"date":"2021-08-18T09:51:40","date_gmt":"2021-08-18T09:51:40","guid":{"rendered":"https:\/\/www.palmaequipmentrental.com\/product\/eizo-cg279x-monitor\/"},"modified":"2022-08-05T12:24:14","modified_gmt":"2022-08-05T12:24:14","slug":"eizo-cg279x-monitor","status":"publish","type":"product","link":"https:\/\/palmaequipmentrental.com\/es\/photo-video-equipment-mallorca\/eizo-cg279x-monitor\/","title":{"rendered":"Eizo CG279X Monitor"},"content":{"rendered":"<p>Nuestro monitor<strong> Eizo ColorEdge CG279X<\/strong> de 27&#8243; con calibraci\u00f3n de color<br \/>\nUn monitor profesional de 2560 x 1440 equipado con lo \u00faltimo en hardware y software de gesti\u00f3n del color, HLG y la curva de gamma PQ para la edici\u00f3n de contenidos de v\u00eddeo HDR, as\u00ed como una amplia gama de colores para mostrar im\u00e1genes vibrantes<\/p>\n<p>Tambi\u00e9n se puede montar en un soporte con nuestro accesorio para monitores.<\/p>\n<p><strong>Caracter\u00edsticas<\/strong><\/p>\n<ul>\n<li>Resoluci\u00f3n nativa 2560 x 1440 (relaci\u00f3n de aspecto 16:9)<\/li>\n<li>Tama\u00f1o: 27&#8243;. \/ 68,4 cm<\/li>\n<li>Tama\u00f1o de imagen visible de 596,7 x 335,7 mm<\/li>\n<li>Dimensiones (apaisadas, ancho x alto x fondo) 638 x 415,9 &#8211; 570,9 x 265 mm<\/li>\n<li>Peso neto (sin soporte) 6,6 kg \/ 14,6 lbs<\/li>\n<\/ul>\n<p><strong>Terminales de entrada<\/strong><\/p>\n<ul>\n<li>USB Tipo-C (modo DisplayPort Alt, HDCP 1.3),<\/li>\n<li>DisplayPort (HDCP 1.3),<\/li>\n<li>HDMI (Deep Color, HDCP 1.4),<\/li>\n<li>DVI-D (HDCP 1.4)<\/li>\n<\/ul>\n","protected":false},"excerpt":{"rendered":"<p>Nuestro monitor Eizo ColorEdge CG279X de 27&#8243; con calibraci\u00f3n de color Un monitor profesional de 2560 x 1440 equipado con lo \u00faltimo en hardware y software de gesti\u00f3n del color, HLG y la curva de gamma PQ para la edici\u00f3n de contenidos de v\u00eddeo HDR, as\u00ed como una amplia gama de colores para mostrar im\u00e1genes vibrantes Tambi\u00e9n se puede montar [&hellip;]<\/p>\n","protected":false},"featured_media":10061,"template":"","meta":[],"product_cat":[200],"product_tag":[],"class_list":{"0":"post-7694","1":"product","2":"type-product","3":"status-publish","4":"has-post-thumbnail","6":"product_cat-monitors-es","8":"first","9":"instock","10":"shipping-taxable","11":"purchasable","12":"product-type-simple"},"_links":{"self":[{"href":"https:\/\/palmaequipmentrental.com\/es\/wp-json\/wp\/v2\/product\/7694","targetHints":{"allow":["GET"]}}],"collection":[{"href":"https:\/\/palmaequipmentrental.com\/es\/wp-json\/wp\/v2\/product"}],"about":[{"href":"https:\/\/palmaequipmentrental.com\/es\/wp-json\/wp\/v2\/types\/product"}],"wp:featuredmedia":[{"embeddable":true,"href":"https:\/\/palmaequipmentrental.com\/es\/wp-json\/wp\/v2\/media\/10061"}],"wp:attachment":[{"href":"https:\/\/palmaequipmentrental.com\/es\/wp-json\/wp\/v2\/media?parent=7694"}],"wp:term":[{"taxonomy":"product_cat","embeddable":true,"href":"https:\/\/palmaequipmentrental.com\/es\/wp-json\/wp\/v2\/product_cat?post=7694"},{"taxonomy":"product_tag","embeddable":true,"href":"https:\/\/palmaequipmentrental.com\/es\/wp-json\/wp\/v2\/product_tag?post=7694"}],"curies":[{"name":"wp","href":"https:\/\/api.w.org\/{rel}","templated":true}]}}