{"id":7764,"date":"2022-04-07T09:07:59","date_gmt":"2022-04-07T09:07:59","guid":{"rendered":"https:\/\/www.palmaequipmentrental.com\/?post_type=product&#038;p=7764"},"modified":"2026-03-06T08:41:42","modified_gmt":"2026-03-06T08:41:42","slug":"easyrig-vario","status":"publish","type":"product","link":"https:\/\/palmaequipmentrental.com\/es\/photo-video-equipment-mallorca\/easyrig-vario\/","title":{"rendered":"EasyRig Vario 4"},"content":{"rendered":"<p data-start=\"13\" data-end=\"596\">El <strong data-start=\"16\" data-end=\"35\">EasyRig Vario 4<\/strong> disponible en Palma Equipment Rental es un sistema profesional de soporte para c\u00e1mara dise\u00f1ado para reducir el peso en brazos y hombros durante largas jornadas de rodaje c\u00e1mara en mano. Ideal para campa\u00f1as de moda, publicidad y producciones de v\u00eddeo, transfiere el peso de c\u00e1maras de cine o configuraciones DSLR m\u00e1s pesadas hacia las caderas, manteniendo al mismo tiempo la libertad de movimiento del rodaje handheld. Es una soluci\u00f3n fiable para directores de fotograf\u00eda y operadores que trabajan en localizaciones en Palma de Mallorca y en las Islas Baleares.<\/p>\n<p data-start=\"598\" data-end=\"620\"><strong data-start=\"598\" data-end=\"620\">Detalles t\u00e9cnicos:<\/strong><\/p>\n<ul data-start=\"621\" data-end=\"1072\">\n<li data-start=\"621\" data-end=\"665\">\n<p data-start=\"623\" data-end=\"665\">Rango de carga ajustable: aprox. 4\u201317 kg<\/p>\n<\/li>\n<li data-start=\"666\" data-end=\"721\">\n<p data-start=\"668\" data-end=\"721\">Chaleco ergon\u00f3mico con brazo de suspensi\u00f3n superior<\/p>\n<\/li>\n<li data-start=\"722\" data-end=\"791\">\n<p data-start=\"724\" data-end=\"791\">Ajuste de tensi\u00f3n suave para diferentes configuraciones de c\u00e1mara<\/p>\n<\/li>\n<li data-start=\"792\" data-end=\"841\">\n<p data-start=\"794\" data-end=\"841\">Reduce la tensi\u00f3n en brazos, hombros y cuello<\/p>\n<\/li>\n<li data-start=\"842\" data-end=\"914\">\n<p data-start=\"844\" data-end=\"914\">Ideal para c\u00e1maras de cine handheld y configuraciones DSLR completas<\/p>\n<\/li>\n<li data-start=\"915\" data-end=\"960\">\n<p data-start=\"917\" data-end=\"960\">Montaje r\u00e1pido y ajustes sencillos en set<\/p>\n<\/li>\n<li data-start=\"961\" data-end=\"1072\">\n<p data-start=\"963\" data-end=\"1072\">El kit de Palma Equipment Rental incluye <strong data-start=\"1004\" data-end=\"1032\">frog clip y shackle ring<\/strong> para una conexi\u00f3n vers\u00e1til del equipo<\/p>\n<\/li>\n<\/ul>\n<p data-start=\"1074\" data-end=\"1181\">Esencial cuando necesitas movilidad handheld durante largas jornadas de rodaje sin sobrecargar al operador.<\/p>\n<p data-start=\"1183\" data-end=\"1465\">Disponible en <strong data-start=\"1197\" data-end=\"1223\">Palma Equipment Rental<\/strong> en Palma de Mallorca, ofreciendo alquiler de equipos profesionales de c\u00e1mara, iluminaci\u00f3n y producci\u00f3n para fot\u00f3grafos y cineastas en Mallorca, Ibiza, Menorca, Formentera y tambi\u00e9n en la pen\u00ednsula, con servicio fiable y soporte t\u00e9cnico 24\/7.<\/p>\n","protected":false},"excerpt":{"rendered":"<p>El EasyRig Vario 4 disponible en Palma Equipment Rental es un sistema profesional de soporte para c\u00e1mara dise\u00f1ado para reducir el peso en brazos y hombros durante largas jornadas de rodaje c\u00e1mara en mano. Ideal para campa\u00f1as de moda, publicidad y producciones de v\u00eddeo, transfiere el peso de c\u00e1maras de cine o configuraciones DSLR m\u00e1s pesadas hacia las caderas, manteniendo [&hellip;]<\/p>\n","protected":false},"featured_media":7768,"template":"","meta":[],"product_cat":[219],"product_tag":[],"class_list":{"0":"post-7764","1":"product","2":"type-product","3":"status-publish","4":"has-post-thumbnail","6":"product_cat-supports-es","8":"first","9":"instock","10":"shipping-taxable","11":"purchasable","12":"product-type-simple"},"_links":{"self":[{"href":"https:\/\/palmaequipmentrental.com\/es\/wp-json\/wp\/v2\/product\/7764","targetHints":{"allow":["GET"]}}],"collection":[{"href":"https:\/\/palmaequipmentrental.com\/es\/wp-json\/wp\/v2\/product"}],"about":[{"href":"https:\/\/palmaequipmentrental.com\/es\/wp-json\/wp\/v2\/types\/product"}],"wp:featuredmedia":[{"embeddable":true,"href":"https:\/\/palmaequipmentrental.com\/es\/wp-json\/wp\/v2\/media\/7768"}],"wp:attachment":[{"href":"https:\/\/palmaequipmentrental.com\/es\/wp-json\/wp\/v2\/media?parent=7764"}],"wp:term":[{"taxonomy":"product_cat","embeddable":true,"href":"https:\/\/palmaequipmentrental.com\/es\/wp-json\/wp\/v2\/product_cat?post=7764"},{"taxonomy":"product_tag","embeddable":true,"href":"https:\/\/palmaequipmentrental.com\/es\/wp-json\/wp\/v2\/product_tag?post=7764"}],"curies":[{"name":"wp","href":"https:\/\/api.w.org\/{rel}","templated":true}]}}