{"id":8463,"date":"2022-04-26T09:56:08","date_gmt":"2022-04-26T09:56:08","guid":{"rendered":"https:\/\/www.palmaequipmentrental.com\/?post_type=product&#038;p=8463"},"modified":"2023-10-12T12:34:00","modified_gmt":"2023-10-12T12:34:00","slug":"jbl-boombox-2","status":"publish","type":"product","link":"https:\/\/palmaequipmentrental.com\/es\/photo-video-equipment-mallorca\/jbl-boombox-2\/","title":{"rendered":"Altavoz JBL Boombox 2"},"content":{"rendered":"<p><strong>JBL Boombox 2 \u2013 Altavoz inal\u00e1mbrico port\u00e1til con Bluetooth<\/strong><\/p>\n<ul>\n<li>Bater\u00eda recargable Li-ion polymer 72.6Wh<\/li>\n<li>Puerto Dual USB para carga de dispositivos m\u00f3viles.<\/li>\n<li>2 x 40 W RMS-woofer + 2 x 40 W RMS-tweeter<\/li>\n<li>Bluetooth\u00a05.1<\/li>\n<\/ul>\n","protected":false},"excerpt":{"rendered":"<p>JBL Boombox 2 \u2013 Altavoz inal\u00e1mbrico port\u00e1til con Bluetooth Bater\u00eda recargable Li-ion polymer 72.6Wh Puerto Dual USB para carga de dispositivos m\u00f3viles. 2 x 40 W RMS-woofer + 2 x 40 W RMS-tweeter Bluetooth\u00a05.1<\/p>\n","protected":false},"featured_media":8461,"template":"","meta":[],"product_cat":[186],"product_tag":[],"class_list":{"0":"post-8463","1":"product","2":"type-product","3":"status-publish","4":"has-post-thumbnail","6":"product_cat-on-location-es","8":"first","9":"instock","10":"shipping-taxable","11":"purchasable","12":"product-type-simple"},"_links":{"self":[{"href":"https:\/\/palmaequipmentrental.com\/es\/wp-json\/wp\/v2\/product\/8463","targetHints":{"allow":["GET"]}}],"collection":[{"href":"https:\/\/palmaequipmentrental.com\/es\/wp-json\/wp\/v2\/product"}],"about":[{"href":"https:\/\/palmaequipmentrental.com\/es\/wp-json\/wp\/v2\/types\/product"}],"wp:featuredmedia":[{"embeddable":true,"href":"https:\/\/palmaequipmentrental.com\/es\/wp-json\/wp\/v2\/media\/8461"}],"wp:attachment":[{"href":"https:\/\/palmaequipmentrental.com\/es\/wp-json\/wp\/v2\/media?parent=8463"}],"wp:term":[{"taxonomy":"product_cat","embeddable":true,"href":"https:\/\/palmaequipmentrental.com\/es\/wp-json\/wp\/v2\/product_cat?post=8463"},{"taxonomy":"product_tag","embeddable":true,"href":"https:\/\/palmaequipmentrental.com\/es\/wp-json\/wp\/v2\/product_tag?post=8463"}],"curies":[{"name":"wp","href":"https:\/\/api.w.org\/{rel}","templated":true}]}}