{"id":8477,"date":"2022-04-26T10:29:15","date_gmt":"2022-04-26T10:29:15","guid":{"rendered":"https:\/\/www.palmaequipmentrental.com\/?post_type=product&#038;p=8477"},"modified":"2023-10-12T12:32:30","modified_gmt":"2023-10-12T12:32:30","slug":"bose-soundlink-3","status":"publish","type":"product","link":"https:\/\/palmaequipmentrental.com\/es\/photo-video-equipment-mallorca\/bose-soundlink-3\/","title":{"rendered":"Altavoz Bose SoundLink 3"},"content":{"rendered":"<p><strong>Altavoz Bluetooth Bose SoundLink III.<\/strong><\/p>\n<p>Este altavoz incorpora una bater\u00eda interna recargable, cuatro transductores y dos radiadores pasivos para producir un sonido est\u00e9reo din\u00e1mico y claro. La conectividad Bluetooth 2.1 integrada permite emparejarlo de forma inal\u00e1mbrica con otros dispositivos compatibles con Bluetooth. Tambi\u00e9n incorpora una interfaz de audio de 3,5 mm para conexiones de audio por cable.<\/p>\n<ul>\n<li>Bluetooth: 2.1<\/li>\n<li>Entrada auxiliar: Minijack est\u00e9reo de 3,5 mm<\/li>\n<li>Dimensiones: 13,5 cm x 25,6 cm x 4,8 cm (5,2&#8243; de alto x 10&#8243; de ancho x 1,9&#8243; de profundidad)<\/li>\n<li>Peso: 1,37 kg (3,03 lb)<\/li>\n<\/ul>\n","protected":false},"excerpt":{"rendered":"<p>Altavoz Bluetooth Bose SoundLink III. Este altavoz incorpora una bater\u00eda interna recargable, cuatro transductores y dos radiadores pasivos para producir un sonido est\u00e9reo din\u00e1mico y claro. La conectividad Bluetooth 2.1 integrada permite emparejarlo de forma inal\u00e1mbrica con otros dispositivos compatibles con Bluetooth. Tambi\u00e9n incorpora una interfaz de audio de 3,5 mm para conexiones de audio por cable. Bluetooth: 2.1 Entrada [&hellip;]<\/p>\n","protected":false},"featured_media":8472,"template":"","meta":[],"product_cat":[186],"product_tag":[],"class_list":{"0":"post-8477","1":"product","2":"type-product","3":"status-publish","4":"has-post-thumbnail","6":"product_cat-on-location-es","8":"first","9":"instock","10":"shipping-taxable","11":"purchasable","12":"product-type-simple"},"_links":{"self":[{"href":"https:\/\/palmaequipmentrental.com\/es\/wp-json\/wp\/v2\/product\/8477","targetHints":{"allow":["GET"]}}],"collection":[{"href":"https:\/\/palmaequipmentrental.com\/es\/wp-json\/wp\/v2\/product"}],"about":[{"href":"https:\/\/palmaequipmentrental.com\/es\/wp-json\/wp\/v2\/types\/product"}],"wp:featuredmedia":[{"embeddable":true,"href":"https:\/\/palmaequipmentrental.com\/es\/wp-json\/wp\/v2\/media\/8472"}],"wp:attachment":[{"href":"https:\/\/palmaequipmentrental.com\/es\/wp-json\/wp\/v2\/media?parent=8477"}],"wp:term":[{"taxonomy":"product_cat","embeddable":true,"href":"https:\/\/palmaequipmentrental.com\/es\/wp-json\/wp\/v2\/product_cat?post=8477"},{"taxonomy":"product_tag","embeddable":true,"href":"https:\/\/palmaequipmentrental.com\/es\/wp-json\/wp\/v2\/product_tag?post=8477"}],"curies":[{"name":"wp","href":"https:\/\/api.w.org\/{rel}","templated":true}]}}