{"id":8607,"date":"2022-04-28T08:25:25","date_gmt":"2022-04-28T08:25:25","guid":{"rendered":"https:\/\/www.palmaequipmentrental.com\/?post_type=product&#038;p=8607"},"modified":"2025-09-29T13:53:03","modified_gmt":"2025-09-29T13:53:03","slug":"color-checker-spydercheckr","status":"publish","type":"product","link":"https:\/\/palmaequipmentrental.com\/es\/photo-video-equipment-mallorca\/color-checker-spydercheckr\/","title":{"rendered":"Color Checker Spydercheckr"},"content":{"rendered":"<p data-start=\"341\" data-end=\"636\">Asegura una reproducci\u00f3n precisa del color en todas tus producciones con el <strong data-start=\"417\" data-end=\"434\">Spyder Checkr<\/strong>, disponible en alquiler en <strong data-start=\"462\" data-end=\"488\">Palma Equipment Rental<\/strong>. Esta herramienta esencial permite a fot\u00f3grafos y cineastas lograr una consistencia crom\u00e1tica profesional desde la captura hasta la postproducci\u00f3n.<\/p>\n<p data-start=\"638\" data-end=\"1025\">Dise\u00f1ado para uso profesional tanto en estudio como en exteriores, el Spyder Checkr incorpora 48 parches de color calibrados espectralmente, incluyendo tonos de piel y escalas de grises. Funciona a la perfecci\u00f3n con software como Adobe Lightroom y Photoshop para crear perfiles personalizados de calibraci\u00f3n de c\u00e1mara, corrigiendo desviaciones de color y optimizando tu flujo de trabajo.<\/p>\n<p data-start=\"1027\" data-end=\"1199\">Ideal para campa\u00f1as de moda, productos comerciales o documentales en entornos de luz cambiante, el Spyder Checkr ahorra tiempo en edici\u00f3n y garantiza resultados coherentes.<\/p>\n<p data-start=\"1201\" data-end=\"1233\"><strong data-start=\"1201\" data-end=\"1233\">Caracter\u00edsticas principales:<\/strong><\/p>\n<ul data-start=\"1234\" data-end=\"1553\">\n<li data-start=\"1234\" data-end=\"1301\">\n<p data-start=\"1236\" data-end=\"1301\">48 parches de color, incluidos tonos de piel y escala de grises<\/p>\n<\/li>\n<li data-start=\"1302\" data-end=\"1358\">\n<p data-start=\"1304\" data-end=\"1358\">Permite crear perfiles de calibraci\u00f3n personalizados<\/p>\n<\/li>\n<li data-start=\"1359\" data-end=\"1422\">\n<p data-start=\"1361\" data-end=\"1422\">Referencia precisa en diferentes condiciones de iluminaci\u00f3n<\/p>\n<\/li>\n<li data-start=\"1423\" data-end=\"1484\">\n<p data-start=\"1425\" data-end=\"1484\">Dise\u00f1o plegable y resistente para facilitar el transporte<\/p>\n<\/li>\n<li data-start=\"1485\" data-end=\"1553\">\n<p data-start=\"1487\" data-end=\"1553\">Compatible con software de Adobe y otras herramientas de edici\u00f3n<\/p>\n<\/li>\n<\/ul>\n<p data-start=\"1555\" data-end=\"1697\">Compacto, resistente y perfecto para fotograf\u00eda o v\u00eddeo, especialmente \u00fatil en los exteriores soleados de Mallorca o interiores con luz mixta.<\/p>\n<p data-start=\"1699\" data-end=\"1895\"><strong data-start=\"1699\" data-end=\"1725\">Palma Equipment Rental<\/strong> ofrece herramientas profesionales de calibraci\u00f3n de color, c\u00e1maras, iluminaci\u00f3n, grip y m\u00e1s en Mallorca, Menorca, Ibiza y Formentera. Tu producci\u00f3n est\u00e1 en buenas manos.<\/p>\n","protected":false},"excerpt":{"rendered":"<p>Asegura una reproducci\u00f3n precisa del color en todas tus producciones con el Spyder Checkr, disponible en alquiler en Palma Equipment Rental. Esta herramienta esencial permite a fot\u00f3grafos y cineastas lograr una consistencia crom\u00e1tica profesional desde la captura hasta la postproducci\u00f3n. Dise\u00f1ado para uso profesional tanto en estudio como en exteriores, el Spyder Checkr incorpora 48 parches de color calibrados espectralmente, [&hellip;]<\/p>\n","protected":false},"featured_media":8605,"template":"","meta":[],"product_cat":[189,198],"product_tag":[],"class_list":{"0":"post-8607","1":"product","2":"type-product","3":"status-publish","4":"has-post-thumbnail","6":"product_cat-accesorios-de-camara","7":"product_cat-accesorios-de-camara-2","9":"first","10":"instock","11":"shipping-taxable","12":"purchasable","13":"product-type-simple"},"_links":{"self":[{"href":"https:\/\/palmaequipmentrental.com\/es\/wp-json\/wp\/v2\/product\/8607","targetHints":{"allow":["GET"]}}],"collection":[{"href":"https:\/\/palmaequipmentrental.com\/es\/wp-json\/wp\/v2\/product"}],"about":[{"href":"https:\/\/palmaequipmentrental.com\/es\/wp-json\/wp\/v2\/types\/product"}],"wp:featuredmedia":[{"embeddable":true,"href":"https:\/\/palmaequipmentrental.com\/es\/wp-json\/wp\/v2\/media\/8605"}],"wp:attachment":[{"href":"https:\/\/palmaequipmentrental.com\/es\/wp-json\/wp\/v2\/media?parent=8607"}],"wp:term":[{"taxonomy":"product_cat","embeddable":true,"href":"https:\/\/palmaequipmentrental.com\/es\/wp-json\/wp\/v2\/product_cat?post=8607"},{"taxonomy":"product_tag","embeddable":true,"href":"https:\/\/palmaequipmentrental.com\/es\/wp-json\/wp\/v2\/product_tag?post=8607"}],"curies":[{"name":"wp","href":"https:\/\/api.w.org\/{rel}","templated":true}]}}