{"id":8689,"date":"2022-05-11T09:47:45","date_gmt":"2022-05-11T09:47:45","guid":{"rendered":"https:\/\/www.palmaequipmentrental.com\/product\/pro-air-sync-transceiver\/"},"modified":"2025-08-21T09:51:42","modified_gmt":"2025-08-21T09:51:42","slug":"pro-air-sync-transceiver","status":"publish","type":"product","link":"https:\/\/palmaequipmentrental.com\/es\/photo-video-equipment-mallorca\/pro-air-sync-transceiver\/","title":{"rendered":"Profoto Air Sync Transceiver"},"content":{"rendered":"<ul>\n<li>Puede sincronizar a una velocidad de hasta 1\/1600 s.<\/li>\n<li>Sincroniza cualquier flash Profoto compatible con Air.<\/li>\n<li>Sincroniza cualquier flash de marca o \u00fasalo como disparador remoto para la mayor\u00eda de c\u00e1maras.<\/li>\n<li>Rango operativo de 300 m<\/li>\n<li>8 canales digitales.<\/li>\n<li>Aprobado para usarse en todo el mundo.<\/li>\n<\/ul>\n<p>&nbsp;<\/p>\n<p><a href=\"https:\/\/youtu.be\/oDfHYg-nIe8\">Check out our video!<\/a><\/p>\n","protected":false},"excerpt":{"rendered":"<p>Puede sincronizar a una velocidad de hasta 1\/1600 s. Sincroniza cualquier flash Profoto compatible con Air. Sincroniza cualquier flash de marca o \u00fasalo como disparador remoto para la mayor\u00eda de c\u00e1maras. Rango operativo de 300 m 8 canales digitales. Aprobado para usarse en todo el mundo. &nbsp; Check out our video!<\/p>\n","protected":false},"featured_media":8687,"template":"","meta":[],"product_cat":[190],"product_tag":[],"class_list":{"0":"post-8689","1":"product","2":"type-product","3":"status-publish","4":"has-post-thumbnail","6":"product_cat-sincronizacion-remota","8":"first","9":"instock","10":"shipping-taxable","11":"purchasable","12":"product-type-simple"},"_links":{"self":[{"href":"https:\/\/palmaequipmentrental.com\/es\/wp-json\/wp\/v2\/product\/8689","targetHints":{"allow":["GET"]}}],"collection":[{"href":"https:\/\/palmaequipmentrental.com\/es\/wp-json\/wp\/v2\/product"}],"about":[{"href":"https:\/\/palmaequipmentrental.com\/es\/wp-json\/wp\/v2\/types\/product"}],"wp:featuredmedia":[{"embeddable":true,"href":"https:\/\/palmaequipmentrental.com\/es\/wp-json\/wp\/v2\/media\/8687"}],"wp:attachment":[{"href":"https:\/\/palmaequipmentrental.com\/es\/wp-json\/wp\/v2\/media?parent=8689"}],"wp:term":[{"taxonomy":"product_cat","embeddable":true,"href":"https:\/\/palmaequipmentrental.com\/es\/wp-json\/wp\/v2\/product_cat?post=8689"},{"taxonomy":"product_tag","embeddable":true,"href":"https:\/\/palmaequipmentrental.com\/es\/wp-json\/wp\/v2\/product_tag?post=8689"}],"curies":[{"name":"wp","href":"https:\/\/api.w.org\/{rel}","templated":true}]}}