{"id":8696,"date":"2022-05-11T10:08:45","date_gmt":"2022-05-11T10:08:45","guid":{"rendered":"https:\/\/www.palmaequipmentrental.com\/?post_type=product&#038;p=8696"},"modified":"2025-08-21T10:33:30","modified_gmt":"2025-08-21T10:33:30","slug":"pocket-wizard-transceiver","status":"publish","type":"product","link":"https:\/\/palmaequipmentrental.com\/es\/photo-video-equipment-mallorca\/pocket-wizard-transceiver\/","title":{"rendered":"Pocket Wizard Transceiver"},"content":{"rendered":"<p>El\u00a0<span id=\"productTitle\" class=\"a-size-large product-title-word-break\">PocketWizard Plus X Transceiver<\/span> cambiar\u00e1 instant\u00e1nea e inteligentemente entre los modos de transmisi\u00f3n y recepci\u00f3n, manteniendo la configuraci\u00f3n lo m\u00e1s simple posible. El PlusX puede ajustarse a solo Transmisi\u00f3n (Tx) cuando sea necesario.<\/p>\n<ul>\n<li>10 canales<\/li>\n<li>Modo de retransmisi\u00f3n autom\u00e1tica &#8211; Dispara la c\u00e1mara remota y los flashes simult\u00e1neamente<\/li>\n<li>Alcance: &#8211; Hasta 500 metros (1600 pies) (El alcance real depende de m\u00faltiples factores como el equipo, el modo, el entorno, la posici\u00f3n, la orientaci\u00f3n y las interferencias)<\/li>\n<li>Velocidad de sincronizaci\u00f3n: &#8211; Hasta 1\/250 para obturadores de plano focal. Hasta 1\/500 para obturadores de hoja<\/li>\n<li>Velocidad de disparo: &#8211; Hasta 14,5 fotogramas por segundo (FPS)<\/li>\n<\/ul>\n<p>&nbsp;<\/p>\n<div>\n<div>\n<div>\n<p><a href=\"https:\/\/youtu.be\/D5FagHu9lzU\">Check out our video!<\/a><\/p>\n<\/div>\n<\/div>\n<\/div>\n","protected":false},"excerpt":{"rendered":"<p>El\u00a0PocketWizard Plus X Transceiver cambiar\u00e1 instant\u00e1nea e inteligentemente entre los modos de transmisi\u00f3n y recepci\u00f3n, manteniendo la configuraci\u00f3n lo m\u00e1s simple posible. El PlusX puede ajustarse a solo Transmisi\u00f3n (Tx) cuando sea necesario. 10 canales Modo de retransmisi\u00f3n autom\u00e1tica &#8211; Dispara la c\u00e1mara remota y los flashes simult\u00e1neamente Alcance: &#8211; Hasta 500 metros (1600 pies) (El alcance real depende de [&hellip;]<\/p>\n","protected":false},"featured_media":8694,"template":"","meta":[],"product_cat":[190],"product_tag":[],"class_list":{"0":"post-8696","1":"product","2":"type-product","3":"status-publish","4":"has-post-thumbnail","6":"product_cat-sincronizacion-remota","8":"first","9":"instock","10":"shipping-taxable","11":"purchasable","12":"product-type-simple"},"_links":{"self":[{"href":"https:\/\/palmaequipmentrental.com\/es\/wp-json\/wp\/v2\/product\/8696","targetHints":{"allow":["GET"]}}],"collection":[{"href":"https:\/\/palmaequipmentrental.com\/es\/wp-json\/wp\/v2\/product"}],"about":[{"href":"https:\/\/palmaequipmentrental.com\/es\/wp-json\/wp\/v2\/types\/product"}],"wp:featuredmedia":[{"embeddable":true,"href":"https:\/\/palmaequipmentrental.com\/es\/wp-json\/wp\/v2\/media\/8694"}],"wp:attachment":[{"href":"https:\/\/palmaequipmentrental.com\/es\/wp-json\/wp\/v2\/media?parent=8696"}],"wp:term":[{"taxonomy":"product_cat","embeddable":true,"href":"https:\/\/palmaequipmentrental.com\/es\/wp-json\/wp\/v2\/product_cat?post=8696"},{"taxonomy":"product_tag","embeddable":true,"href":"https:\/\/palmaequipmentrental.com\/es\/wp-json\/wp\/v2\/product_tag?post=8696"}],"curies":[{"name":"wp","href":"https:\/\/api.w.org\/{rel}","templated":true}]}}