{"id":8727,"date":"2022-05-11T11:03:57","date_gmt":"2022-05-11T11:03:57","guid":{"rendered":"https:\/\/www.palmaequipmentrental.com\/?post_type=product&#038;p=8727"},"modified":"2023-10-11T14:35:21","modified_gmt":"2023-10-11T14:35:21","slug":"profoto-disc-reflector","status":"publish","type":"product","link":"https:\/\/palmaequipmentrental.com\/es\/photo-video-equipment-mallorca\/profoto-disc-reflector\/","title":{"rendered":"Profoto Disc Reflector"},"content":{"rendered":"<p><strong>Profoto Disc\u00a0Reflector\u00a0<\/strong><\/p>\n<p>El Disc Reflector est\u00e1 dise\u00f1ado para eliminar la luz dispersa sin enfocar o cambiar las caracter\u00edsticas de la luz. La mayor\u00eda de los fot\u00f3grafos lo utilizan con un paraguas para evitar que la luz se disperse fuera de los bordes del paraguas, pero tambi\u00e9n tiene otras aplicaciones. Por ejemplo, el peque\u00f1o tama\u00f1o y el peso ligero del Disc Reflector lo hace muy f\u00e1cil de llevar a una sesi\u00f3n fotogr\u00e1fica en exteriores.<\/p>\n<p>Emisi\u00f3n m\u00e1xima de luz a una distancia de 2 m con 2400\u00a0Ws en ISO\u00a0100: f\/64,1 (en el ProHead).<\/p>\n","protected":false},"excerpt":{"rendered":"<p>Profoto Disc\u00a0Reflector\u00a0 El Disc Reflector est\u00e1 dise\u00f1ado para eliminar la luz dispersa sin enfocar o cambiar las caracter\u00edsticas de la luz. La mayor\u00eda de los fot\u00f3grafos lo utilizan con un paraguas para evitar que la luz se disperse fuera de los bordes del paraguas, pero tambi\u00e9n tiene otras aplicaciones. Por ejemplo, el peque\u00f1o tama\u00f1o y el peso ligero del Disc [&hellip;]<\/p>\n","protected":false},"featured_media":8725,"template":"","meta":[],"product_cat":[785],"product_tag":[],"class_list":{"0":"post-8727","1":"product","2":"type-product","3":"status-publish","4":"has-post-thumbnail","6":"product_cat-pro-modeladores-de-luz","8":"first","9":"instock","10":"shipping-taxable","11":"purchasable","12":"product-type-simple"},"_links":{"self":[{"href":"https:\/\/palmaequipmentrental.com\/es\/wp-json\/wp\/v2\/product\/8727","targetHints":{"allow":["GET"]}}],"collection":[{"href":"https:\/\/palmaequipmentrental.com\/es\/wp-json\/wp\/v2\/product"}],"about":[{"href":"https:\/\/palmaequipmentrental.com\/es\/wp-json\/wp\/v2\/types\/product"}],"wp:featuredmedia":[{"embeddable":true,"href":"https:\/\/palmaequipmentrental.com\/es\/wp-json\/wp\/v2\/media\/8725"}],"wp:attachment":[{"href":"https:\/\/palmaequipmentrental.com\/es\/wp-json\/wp\/v2\/media?parent=8727"}],"wp:term":[{"taxonomy":"product_cat","embeddable":true,"href":"https:\/\/palmaequipmentrental.com\/es\/wp-json\/wp\/v2\/product_cat?post=8727"},{"taxonomy":"product_tag","embeddable":true,"href":"https:\/\/palmaequipmentrental.com\/es\/wp-json\/wp\/v2\/product_tag?post=8727"}],"curies":[{"name":"wp","href":"https:\/\/api.w.org\/{rel}","templated":true}]}}