{"id":8736,"date":"2022-05-11T11:29:51","date_gmt":"2022-05-11T11:29:51","guid":{"rendered":"https:\/\/www.palmaequipmentrental.com\/?post_type=product&#038;p=8736"},"modified":"2023-10-12T12:10:20","modified_gmt":"2023-10-12T12:10:20","slug":"soft-grid-3x4","status":"publish","type":"product","link":"https:\/\/palmaequipmentrental.com\/es\/photo-video-equipment-mallorca\/soft-grid-3x4\/","title":{"rendered":"Profoto Soft Grid 3&#215;4&#8242;"},"content":{"rendered":"<p><strong>Softgrid para ventana 3&#215;4&#8242;<\/strong><\/p>\n<p>El softgrid reduce la difusi\u00f3n de la luz a 50\u00b0. En otras palabras, crea una luz m\u00e1s dirigida y elimina una gran cantidad de luz dispersa, que te permite modelar la luz a\u00fan con mayor precisi\u00f3n.<\/p>\n<ul>\n<li>Limita la difusi\u00f3n de la luz a 50\u00b0.<\/li>\n<li>Las sujeciones de velcro permiten realizar una instalaci\u00f3n r\u00e1pida y sencilla.<\/li>\n<\/ul>\n","protected":false},"excerpt":{"rendered":"<p>Softgrid para ventana 3&#215;4&#8242; El softgrid reduce la difusi\u00f3n de la luz a 50\u00b0. En otras palabras, crea una luz m\u00e1s dirigida y elimina una gran cantidad de luz dispersa, que te permite modelar la luz a\u00fan con mayor precisi\u00f3n. Limita la difusi\u00f3n de la luz a 50\u00b0. Las sujeciones de velcro permiten realizar una instalaci\u00f3n r\u00e1pida y sencilla.<\/p>\n","protected":false},"featured_media":8734,"template":"","meta":[],"product_cat":[235],"product_tag":[],"class_list":{"0":"post-8736","1":"product","2":"type-product","3":"status-publish","4":"has-post-thumbnail","6":"product_cat-ventanas-softboxes","8":"first","9":"instock","10":"shipping-taxable","11":"purchasable","12":"product-type-simple"},"_links":{"self":[{"href":"https:\/\/palmaequipmentrental.com\/es\/wp-json\/wp\/v2\/product\/8736","targetHints":{"allow":["GET"]}}],"collection":[{"href":"https:\/\/palmaequipmentrental.com\/es\/wp-json\/wp\/v2\/product"}],"about":[{"href":"https:\/\/palmaequipmentrental.com\/es\/wp-json\/wp\/v2\/types\/product"}],"wp:featuredmedia":[{"embeddable":true,"href":"https:\/\/palmaequipmentrental.com\/es\/wp-json\/wp\/v2\/media\/8734"}],"wp:attachment":[{"href":"https:\/\/palmaequipmentrental.com\/es\/wp-json\/wp\/v2\/media?parent=8736"}],"wp:term":[{"taxonomy":"product_cat","embeddable":true,"href":"https:\/\/palmaequipmentrental.com\/es\/wp-json\/wp\/v2\/product_cat?post=8736"},{"taxonomy":"product_tag","embeddable":true,"href":"https:\/\/palmaequipmentrental.com\/es\/wp-json\/wp\/v2\/product_tag?post=8736"}],"curies":[{"name":"wp","href":"https:\/\/api.w.org\/{rel}","templated":true}]}}