{"id":8763,"date":"2022-05-11T11:48:16","date_gmt":"2022-05-11T11:48:16","guid":{"rendered":"https:\/\/www.palmaequipmentrental.com\/?post_type=product&#038;p=8763"},"modified":"2023-02-17T12:52:50","modified_gmt":"2023-02-17T12:52:50","slug":"profoto-speed-ring-for-bowens","status":"publish","type":"product","link":"https:\/\/palmaequipmentrental.com\/es\/photo-video-equipment-mallorca\/profoto-speed-ring-for-bowens\/","title":{"rendered":"Speedring Profoto para Bowens"},"content":{"rendered":"<p><strong>Adaptador Profoto SpeedRing para antorchas flash Bowens \/ Calumet \/ Aurora \/ Fomex<\/strong><\/p>\n<p>Est\u00e1 dise\u00f1ado para girar 360 grados para una m\u00e1xima flexibilidad creativa. El anillo de velocidad cuenta con tomas de softbox resistentes al calor, pintadas y codificadas por colores para un montaje r\u00e1pido. Se adapta a las softboxes RFi de cuatro y ocho lados, cada una de las cuales tiene postes codificados por colores para que coincida con el anillo de velocidad.<\/p>\n","protected":false},"excerpt":{"rendered":"<p>Adaptador Profoto SpeedRing para antorchas flash Bowens \/ Calumet \/ Aurora \/ Fomex Est\u00e1 dise\u00f1ado para girar 360 grados para una m\u00e1xima flexibilidad creativa. El anillo de velocidad cuenta con tomas de softbox resistentes al calor, pintadas y codificadas por colores para un montaje r\u00e1pido. Se adapta a las softboxes RFi de cuatro y ocho lados, cada una de las [&hellip;]<\/p>\n","protected":false},"featured_media":8761,"template":"","meta":[],"product_cat":[235],"product_tag":[],"class_list":{"0":"post-8763","1":"product","2":"type-product","3":"status-publish","4":"has-post-thumbnail","6":"product_cat-ventanas-softboxes","8":"first","9":"instock","10":"shipping-taxable","11":"purchasable","12":"product-type-simple"},"_links":{"self":[{"href":"https:\/\/palmaequipmentrental.com\/es\/wp-json\/wp\/v2\/product\/8763","targetHints":{"allow":["GET"]}}],"collection":[{"href":"https:\/\/palmaequipmentrental.com\/es\/wp-json\/wp\/v2\/product"}],"about":[{"href":"https:\/\/palmaequipmentrental.com\/es\/wp-json\/wp\/v2\/types\/product"}],"wp:featuredmedia":[{"embeddable":true,"href":"https:\/\/palmaequipmentrental.com\/es\/wp-json\/wp\/v2\/media\/8761"}],"wp:attachment":[{"href":"https:\/\/palmaequipmentrental.com\/es\/wp-json\/wp\/v2\/media?parent=8763"}],"wp:term":[{"taxonomy":"product_cat","embeddable":true,"href":"https:\/\/palmaequipmentrental.com\/es\/wp-json\/wp\/v2\/product_cat?post=8763"},{"taxonomy":"product_tag","embeddable":true,"href":"https:\/\/palmaequipmentrental.com\/es\/wp-json\/wp\/v2\/product_tag?post=8763"}],"curies":[{"name":"wp","href":"https:\/\/api.w.org\/{rel}","templated":true}]}}