{"id":8820,"date":"2022-05-13T10:23:51","date_gmt":"2022-05-13T10:23:51","guid":{"rendered":"https:\/\/www.palmaequipmentrental.com\/?post_type=product&#038;p=8820"},"modified":"2023-10-12T12:16:46","modified_gmt":"2023-10-12T12:16:46","slug":"super-wind-up","status":"publish","type":"product","link":"https:\/\/palmaequipmentrental.com\/es\/photo-video-equipment-mallorca\/super-wind-up\/","title":{"rendered":"Tr\u00edpode Super Wind Up"},"content":{"rendered":"<p>El tr\u00edpode Avenger B6029X Super Wind Up con ruedas est\u00e1 construido con una columna de acero inoxidable, patas de acero inoxidable, elevadores de acero cromado y una columna engranada. El B6029X est\u00e1 compuesto por 3 secciones y 2 elevadores que se extienden simult\u00e1neamente a 4.4 cm por vuelta de manivela. El tubo superior alberga un soporte junior de 28 mm\/1 1\/8 pulgadas y tambi\u00e9n cuenta con un anillo incorporado para agregar amarres o kits de refuerzo contra el viento.<\/p>\n<ul>\n<li>Ruedas de 200 mm\/7.9\u00bb con freno, rellenas de espuma para varios tipos de terreno (#474).<\/li>\n<li>3 secciones, 2 elevadores.\u00a0\u00d8 (di\u00e1metro): 70 mm, 60 mm, 50 mm\u00a0\u00d8 de las patas: 35 mm<\/li>\n<li>Huellas de 130 cm\/51.2 pulgadas, ideales para su uso en andamios cuando sea necesario.<\/li>\n<\/ul>\n","protected":false},"excerpt":{"rendered":"<p>El tr\u00edpode Avenger B6029X Super Wind Up con ruedas est\u00e1 construido con una columna de acero inoxidable, patas de acero inoxidable, elevadores de acero cromado y una columna engranada. El B6029X est\u00e1 compuesto por 3 secciones y 2 elevadores que se extienden simult\u00e1neamente a 4.4 cm por vuelta de manivela. El tubo superior alberga un soporte junior de 28 mm\/1 [&hellip;]<\/p>\n","protected":false},"featured_media":13303,"template":"","meta":[],"product_cat":[227,228],"product_tag":[],"class_list":{"0":"post-8820","1":"product","2":"type-product","3":"status-publish","4":"has-post-thumbnail","6":"product_cat-tripodes-de-luz-2","7":"product_cat-tripodes-de-luz","9":"first","10":"instock","11":"shipping-taxable","12":"purchasable","13":"product-type-simple"},"_links":{"self":[{"href":"https:\/\/palmaequipmentrental.com\/es\/wp-json\/wp\/v2\/product\/8820","targetHints":{"allow":["GET"]}}],"collection":[{"href":"https:\/\/palmaequipmentrental.com\/es\/wp-json\/wp\/v2\/product"}],"about":[{"href":"https:\/\/palmaequipmentrental.com\/es\/wp-json\/wp\/v2\/types\/product"}],"wp:featuredmedia":[{"embeddable":true,"href":"https:\/\/palmaequipmentrental.com\/es\/wp-json\/wp\/v2\/media\/13303"}],"wp:attachment":[{"href":"https:\/\/palmaequipmentrental.com\/es\/wp-json\/wp\/v2\/media?parent=8820"}],"wp:term":[{"taxonomy":"product_cat","embeddable":true,"href":"https:\/\/palmaequipmentrental.com\/es\/wp-json\/wp\/v2\/product_cat?post=8820"},{"taxonomy":"product_tag","embeddable":true,"href":"https:\/\/palmaequipmentrental.com\/es\/wp-json\/wp\/v2\/product_tag?post=8820"}],"curies":[{"name":"wp","href":"https:\/\/api.w.org\/{rel}","templated":true}]}}