{"id":8841,"date":"2022-05-17T12:29:38","date_gmt":"2022-05-17T12:29:38","guid":{"rendered":"https:\/\/www.palmaequipmentrental.com\/product\/backlite-extension\/"},"modified":"2022-08-23T10:30:18","modified_gmt":"2022-08-23T10:30:18","slug":"backlite-extension","status":"publish","type":"product","link":"https:\/\/palmaequipmentrental.com\/es\/photo-video-equipment-mallorca\/backlite-extension\/","title":{"rendered":"Backlite extension"},"content":{"rendered":"<p><strong>Brazo extensible Backlite Pole 48cm a 80cm<\/strong><\/p>\n<p>Poste de aluminio de dos secciones para elevar un peque\u00f1o punto de iluminaci\u00f3n que se ajusta a la base del Backlight Stand.<\/p>\n<ul>\n<li>Se puede utilizar como un peque\u00f1o brazo port\u00e1til<\/li>\n<li>Peso 0,32 kg<\/li>\n<li>Fijaci\u00f3n (inferior) tornillo de 1\/4\u2033.<\/li>\n<li>Fijaci\u00f3n superior tornillo de 3\/8\u2033.<\/li>\n<li>Longitud plegado 47 cm<\/li>\n<\/ul>\n","protected":false},"excerpt":{"rendered":"<p>Brazo extensible Backlite Pole 48cm a 80cm Poste de aluminio de dos secciones para elevar un peque\u00f1o punto de iluminaci\u00f3n que se ajusta a la base del Backlight Stand. Se puede utilizar como un peque\u00f1o brazo port\u00e1til Peso 0,32 kg Fijaci\u00f3n (inferior) tornillo de 1\/4\u2033. Fijaci\u00f3n superior tornillo de 3\/8\u2033. Longitud plegado 47 cm<\/p>\n","protected":false},"featured_media":8839,"template":"","meta":[],"product_cat":[227,228],"product_tag":[],"class_list":{"0":"post-8841","1":"product","2":"type-product","3":"status-publish","4":"has-post-thumbnail","6":"product_cat-tripodes-de-luz-2","7":"product_cat-tripodes-de-luz","9":"first","10":"instock","11":"shipping-taxable","12":"purchasable","13":"product-type-simple"},"_links":{"self":[{"href":"https:\/\/palmaequipmentrental.com\/es\/wp-json\/wp\/v2\/product\/8841","targetHints":{"allow":["GET"]}}],"collection":[{"href":"https:\/\/palmaequipmentrental.com\/es\/wp-json\/wp\/v2\/product"}],"about":[{"href":"https:\/\/palmaequipmentrental.com\/es\/wp-json\/wp\/v2\/types\/product"}],"wp:featuredmedia":[{"embeddable":true,"href":"https:\/\/palmaequipmentrental.com\/es\/wp-json\/wp\/v2\/media\/8839"}],"wp:attachment":[{"href":"https:\/\/palmaequipmentrental.com\/es\/wp-json\/wp\/v2\/media?parent=8841"}],"wp:term":[{"taxonomy":"product_cat","embeddable":true,"href":"https:\/\/palmaequipmentrental.com\/es\/wp-json\/wp\/v2\/product_cat?post=8841"},{"taxonomy":"product_tag","embeddable":true,"href":"https:\/\/palmaequipmentrental.com\/es\/wp-json\/wp\/v2\/product_tag?post=8841"}],"curies":[{"name":"wp","href":"https:\/\/api.w.org\/{rel}","templated":true}]}}