{"id":9043,"date":"2022-06-13T12:44:32","date_gmt":"2022-06-13T12:44:32","guid":{"rendered":"https:\/\/www.palmaequipmentrental.com\/?post_type=product&#038;p=9043"},"modified":"2022-08-05T12:18:14","modified_gmt":"2022-08-05T12:18:14","slug":"canon-rf-15-35mm-28-l-is-usm","status":"publish","type":"product","link":"https:\/\/palmaequipmentrental.com\/es\/photo-video-equipment-mallorca\/canon-rf-15-35mm-28-l-is-usm\/","title":{"rendered":"Canon RF 15-35mm\/2,8 L IS USM"},"content":{"rendered":"<p><strong>Canon RF 15-35mm f\/2.8L IS USM<\/strong><br \/>\nEl zoom ultra gran angular m\u00e1s r\u00e1pido de Canon, que cuenta con un motor Nano USM, 5 pasos de estabilizaci\u00f3n de imagen, 3 elementos asf\u00e9ricos y 2 elementos UD para una nitidez impresionante.<\/p>\n<p><strong>Caracter\u00edsticas<\/strong><\/p>\n<ul>\n<li>F2.8 Para un rendimiento con poca luz y poca profundidad de campo<\/li>\n<li>Estabilizador de imagen 5 pasos de estabilizaci\u00f3n para obtener im\u00e1genes sin vibraciones<\/li>\n<li>Elementos asf\u00e9ricos y UD Para unas im\u00e1genes excepcionalmente n\u00edtidas<\/li>\n<li>Motor Nano USM Para un funcionamiento suave, r\u00e1pido y silencioso<\/li>\n<li>Recubrimiento de estructura de sub-longitud de onda (SWC), ASC (Recubrimiento de esfera de aire) Para evitar los destellos y las im\u00e1genes fantasma<\/li>\n<li>Anillo de control del objetivo Para un control adicional sobre el ISO, la apertura y el obturador<\/li>\n<li>N\u00famero de l\u00e1minas del diafragma 9<\/li>\n<li>Apertura m\u00e1xima\/m\u00ednima f2.8\/22<\/li>\n<li>Distancia de enfoque m\u00e1s cercana 0,28<\/li>\n<li>Aumento m\u00e1ximo (x) 0,21 (a 35 mm)<\/li>\n<\/ul>\n","protected":false},"excerpt":{"rendered":"<p>Canon RF 15-35mm f\/2.8L IS USM El zoom ultra gran angular m\u00e1s r\u00e1pido de Canon, que cuenta con un motor Nano USM, 5 pasos de estabilizaci\u00f3n de imagen, 3 elementos asf\u00e9ricos y 2 elementos UD para una nitidez impresionante. Caracter\u00edsticas F2.8 Para un rendimiento con poca luz y poca profundidad de campo Estabilizador de imagen 5 pasos de estabilizaci\u00f3n para [&hellip;]<\/p>\n","protected":false},"featured_media":9041,"template":"","meta":[],"product_cat":[793,799],"product_tag":[],"class_list":{"0":"post-9043","1":"product","2":"type-product","3":"status-publish","4":"has-post-thumbnail","6":"product_cat-objetivos-rf","7":"product_cat-objetivos-rf-v","9":"first","10":"instock","11":"shipping-taxable","12":"purchasable","13":"product-type-simple"},"_links":{"self":[{"href":"https:\/\/palmaequipmentrental.com\/es\/wp-json\/wp\/v2\/product\/9043","targetHints":{"allow":["GET"]}}],"collection":[{"href":"https:\/\/palmaequipmentrental.com\/es\/wp-json\/wp\/v2\/product"}],"about":[{"href":"https:\/\/palmaequipmentrental.com\/es\/wp-json\/wp\/v2\/types\/product"}],"wp:featuredmedia":[{"embeddable":true,"href":"https:\/\/palmaequipmentrental.com\/es\/wp-json\/wp\/v2\/media\/9041"}],"wp:attachment":[{"href":"https:\/\/palmaequipmentrental.com\/es\/wp-json\/wp\/v2\/media?parent=9043"}],"wp:term":[{"taxonomy":"product_cat","embeddable":true,"href":"https:\/\/palmaequipmentrental.com\/es\/wp-json\/wp\/v2\/product_cat?post=9043"},{"taxonomy":"product_tag","embeddable":true,"href":"https:\/\/palmaequipmentrental.com\/es\/wp-json\/wp\/v2\/product_tag?post=9043"}],"curies":[{"name":"wp","href":"https:\/\/api.w.org\/{rel}","templated":true}]}}