{"id":9069,"date":"2022-06-14T12:29:13","date_gmt":"2022-06-14T12:29:13","guid":{"rendered":"https:\/\/www.palmaequipmentrental.com\/?post_type=product&#038;p=9069"},"modified":"2022-08-05T12:18:13","modified_gmt":"2022-08-05T12:18:13","slug":"vanguard-stone-bag","status":"publish","type":"product","link":"https:\/\/palmaequipmentrental.com\/es\/photo-video-equipment-mallorca\/vanguard-stone-bag\/","title":{"rendered":"Vanguard Bolsa de tr\u00edpode"},"content":{"rendered":"<p><strong>Vanguard Bolsa para\u00a0tr\u00edpode.<\/strong><\/p>\n<ul>\n<li>Se fija f\u00e1cilmente a todos los tr\u00edpodes.<\/li>\n<li>Hecho de poli\u00e9ster.<\/li>\n<li>Aumenta la estabilidad para todos los tr\u00edpodes.<\/li>\n<li>90g.<\/li>\n<\/ul>\n","protected":false},"excerpt":{"rendered":"<p>Vanguard Bolsa para\u00a0tr\u00edpode. Se fija f\u00e1cilmente a todos los tr\u00edpodes. Hecho de poli\u00e9ster. Aumenta la estabilidad para todos los tr\u00edpodes. 90g.<\/p>\n","protected":false},"featured_media":9067,"template":"","meta":[],"product_cat":[204],"product_tag":[],"class_list":{"0":"post-9069","1":"product","2":"type-product","3":"status-publish","4":"has-post-thumbnail","6":"product_cat-tripods-es","8":"first","9":"instock","10":"featured","11":"shipping-taxable","12":"purchasable","13":"product-type-simple"},"_links":{"self":[{"href":"https:\/\/palmaequipmentrental.com\/es\/wp-json\/wp\/v2\/product\/9069","targetHints":{"allow":["GET"]}}],"collection":[{"href":"https:\/\/palmaequipmentrental.com\/es\/wp-json\/wp\/v2\/product"}],"about":[{"href":"https:\/\/palmaequipmentrental.com\/es\/wp-json\/wp\/v2\/types\/product"}],"wp:featuredmedia":[{"embeddable":true,"href":"https:\/\/palmaequipmentrental.com\/es\/wp-json\/wp\/v2\/media\/9067"}],"wp:attachment":[{"href":"https:\/\/palmaequipmentrental.com\/es\/wp-json\/wp\/v2\/media?parent=9069"}],"wp:term":[{"taxonomy":"product_cat","embeddable":true,"href":"https:\/\/palmaequipmentrental.com\/es\/wp-json\/wp\/v2\/product_cat?post=9069"},{"taxonomy":"product_tag","embeddable":true,"href":"https:\/\/palmaequipmentrental.com\/es\/wp-json\/wp\/v2\/product_tag?post=9069"}],"curies":[{"name":"wp","href":"https:\/\/api.w.org\/{rel}","templated":true}]}}