{"id":9103,"date":"2022-06-15T11:39:42","date_gmt":"2022-06-15T11:39:42","guid":{"rendered":"https:\/\/www.palmaequipmentrental.com\/?post_type=product&#038;p=9103"},"modified":"2022-08-05T12:18:12","modified_gmt":"2022-08-05T12:18:12","slug":"ceramic-heater-2000w","status":"publish","type":"product","link":"https:\/\/palmaequipmentrental.com\/es\/photo-video-equipment-mallorca\/ceramic-heater-2000w\/","title":{"rendered":"Calefactor Cer\u00e1mico 2000W"},"content":{"rendered":"<p><strong><span class=\"a-list-item\">Calefactor Cer\u00e1mico 2000W<\/span><\/strong><\/p>\n<ul>\n<li><span class=\"a-list-item\">2 potencias de calor<\/span><\/li>\n<li><span class=\"a-list-item\">Sistema de protecci\u00f3n contra sobrecalentamiento<\/span><\/li>\n<li><span class=\"a-list-item\">Cuerpo met\u00e1lico<\/span><\/li>\n<li><span class=\"a-list-item\">Control ajustable de la temperatura<\/span><\/li>\n<li><span class=\"a-list-item\">Apagado autom\u00e1tico de seguridad<\/span><\/li>\n<\/ul>\n<p><strong>Dimensiones:<\/strong> largo 16cm x ancho\u00a024.7cm x alto\u00a026cm<br \/>\n<strong>Peso:<\/strong>\u00a04.41 Libras<br \/>\n<strong>Salida de calor:\u00a0<\/strong>2000 Watios<\/p>\n","protected":false},"excerpt":{"rendered":"<p>Calefactor Cer\u00e1mico 2000W 2 potencias de calor Sistema de protecci\u00f3n contra sobrecalentamiento Cuerpo met\u00e1lico Control ajustable de la temperatura Apagado autom\u00e1tico de seguridad Dimensiones: largo 16cm x ancho\u00a024.7cm x alto\u00a026cm Peso:\u00a04.41 Libras Salida de calor:\u00a02000 Watios<\/p>\n","protected":false},"featured_media":9101,"template":"","meta":[],"product_cat":[186],"product_tag":[],"class_list":{"0":"post-9103","1":"product","2":"type-product","3":"status-publish","4":"has-post-thumbnail","6":"product_cat-on-location-es","8":"first","9":"instock","10":"shipping-taxable","11":"purchasable","12":"product-type-simple"},"_links":{"self":[{"href":"https:\/\/palmaequipmentrental.com\/es\/wp-json\/wp\/v2\/product\/9103","targetHints":{"allow":["GET"]}}],"collection":[{"href":"https:\/\/palmaequipmentrental.com\/es\/wp-json\/wp\/v2\/product"}],"about":[{"href":"https:\/\/palmaequipmentrental.com\/es\/wp-json\/wp\/v2\/types\/product"}],"wp:featuredmedia":[{"embeddable":true,"href":"https:\/\/palmaequipmentrental.com\/es\/wp-json\/wp\/v2\/media\/9101"}],"wp:attachment":[{"href":"https:\/\/palmaequipmentrental.com\/es\/wp-json\/wp\/v2\/media?parent=9103"}],"wp:term":[{"taxonomy":"product_cat","embeddable":true,"href":"https:\/\/palmaequipmentrental.com\/es\/wp-json\/wp\/v2\/product_cat?post=9103"},{"taxonomy":"product_tag","embeddable":true,"href":"https:\/\/palmaequipmentrental.com\/es\/wp-json\/wp\/v2\/product_tag?post=9103"}],"curies":[{"name":"wp","href":"https:\/\/api.w.org\/{rel}","templated":true}]}}