{"id":9129,"date":"2022-06-16T12:12:26","date_gmt":"2022-06-16T12:12:26","guid":{"rendered":"https:\/\/www.palmaequipmentrental.com\/product\/cali-sunswatter-boom\/"},"modified":"2022-08-05T12:18:12","modified_gmt":"2022-08-05T12:18:12","slug":"cali-sunswatter-boom","status":"publish","type":"product","link":"https:\/\/palmaequipmentrental.com\/es\/photo-video-equipment-mallorca\/cali-sunswatter-boom\/","title":{"rendered":"P\u00e9rtiga Cali Sunswatter"},"content":{"rendered":"<p><strong>P\u00e9rtiga Cali Sunswatter<\/strong><\/p>\n<ul>\n<li>Min. Longitud: 1195 mm<\/li>\n<li>Max. Longitud: 3050 mm<\/li>\n<li>Peso: 1,32Kg<\/li>\n<li>Tubo: 35 mm de di\u00e1metro<\/li>\n<li>Primera extensi\u00f3n: 29 mm de di\u00e1metro<\/li>\n<li>Segunda extensi\u00f3n: 25 mm de di\u00e1metro<\/li>\n<li>Tercera extensi\u00f3n: 21 mm de di\u00e1metro<\/li>\n<\/ul>\n","protected":false},"excerpt":{"rendered":"<p>P\u00e9rtiga Cali Sunswatter Min. Longitud: 1195 mm Max. Longitud: 3050 mm Peso: 1,32Kg Tubo: 35 mm de di\u00e1metro Primera extensi\u00f3n: 29 mm de di\u00e1metro Segunda extensi\u00f3n: 25 mm de di\u00e1metro Tercera extensi\u00f3n: 21 mm de di\u00e1metro<\/p>\n","protected":false},"featured_media":9127,"template":"","meta":[],"product_cat":[284,285],"product_tag":[],"class_list":{"0":"post-9129","1":"product","2":"type-product","3":"status-publish","4":"has-post-thumbnail","6":"product_cat-sunswatter-es","7":"product_cat-sunswatter-2-es","9":"first","10":"instock","11":"shipping-taxable","12":"purchasable","13":"product-type-simple"},"_links":{"self":[{"href":"https:\/\/palmaequipmentrental.com\/es\/wp-json\/wp\/v2\/product\/9129","targetHints":{"allow":["GET"]}}],"collection":[{"href":"https:\/\/palmaequipmentrental.com\/es\/wp-json\/wp\/v2\/product"}],"about":[{"href":"https:\/\/palmaequipmentrental.com\/es\/wp-json\/wp\/v2\/types\/product"}],"wp:featuredmedia":[{"embeddable":true,"href":"https:\/\/palmaequipmentrental.com\/es\/wp-json\/wp\/v2\/media\/9127"}],"wp:attachment":[{"href":"https:\/\/palmaequipmentrental.com\/es\/wp-json\/wp\/v2\/media?parent=9129"}],"wp:term":[{"taxonomy":"product_cat","embeddable":true,"href":"https:\/\/palmaequipmentrental.com\/es\/wp-json\/wp\/v2\/product_cat?post=9129"},{"taxonomy":"product_tag","embeddable":true,"href":"https:\/\/palmaequipmentrental.com\/es\/wp-json\/wp\/v2\/product_tag?post=9129"}],"curies":[{"name":"wp","href":"https:\/\/api.w.org\/{rel}","templated":true}]}}