{"id":9179,"date":"2022-06-17T09:38:54","date_gmt":"2022-06-17T09:38:54","guid":{"rendered":"https:\/\/www.palmaequipmentrental.com\/product\/profoto-umbrella-diffuser-xl\/"},"modified":"2024-01-26T13:52:30","modified_gmt":"2024-01-26T13:52:30","slug":"profoto-umbrella-diffuser-xl","status":"publish","type":"product","link":"https:\/\/palmaequipmentrental.com\/es\/photo-video-equipment-mallorca\/profoto-umbrella-diffuser-xl\/","title":{"rendered":"Profoto Difusor Paraguas XL"},"content":{"rendered":"<p>Descubre el Difusor de Paraguas Profoto XL en Palma Equipment Rental, tu fuente de confianza para equipos fotogr\u00e1ficos de primer nivel en Palma de Mallorca y m\u00e1s all\u00e1. Este difusor extra grande, dise\u00f1ado espec\u00edficamente para su uso con paraguas Profoto XL de 65&#8243;\/160 cm, es ideal para profesionales que buscan perfeccionar sus t\u00e9cnicas de iluminaci\u00f3n para la fotograf\u00eda de moda y publicidad. Transforma tu fuente de luz en una iluminaci\u00f3n suave y uniformemente difusa, lo que lo hace perfecto tanto para aplicaciones fotogr\u00e1ficas como de video.<\/p>\n<p><strong>Detalles T\u00e9cnicos:<\/strong><\/p>\n<ul>\n<li>Extra grande, dise\u00f1ado para su uso con paraguas Profoto XL de 65&#8243;\/160 cm.<\/li>\n<li>Materiales de calidad superior que garantizan durabilidad y un rendimiento constante.<\/li>\n<li>Montaje r\u00e1pido y sencillo para un uso sin complicaciones.<\/li>\n<li>Compatible con una variedad de paraguas Profoto XL.<\/li>\n<li>Reduce la luz en 1.5 pasos para un control preciso sobre la exposici\u00f3n.<\/li>\n<\/ul>\n<p>Eleva la calidad de tu producci\u00f3n con Palma Equipment Rental. No somos solo un servicio de alquiler; somos tu socio creativo en las Islas Baleares y la Espa\u00f1a peninsular. Con nuestro amplio inventario de equipos profesionales, que incluye el Difusor de Paraguas Profoto XL, y nuestro compromiso con un servicio flexible y eficiente, estamos aqu\u00ed para apoyar tu visi\u00f3n las 24 horas del d\u00eda, los 7 d\u00edas de la semana. Sum\u00e9rgete en el mundo de equipos de alta calidad y un soporte sin igual con Palma Equipment Rental, donde tu visi\u00f3n creativa cobra vida.<\/p>\n","protected":false},"excerpt":{"rendered":"<p>Descubre el Difusor de Paraguas Profoto XL en Palma Equipment Rental, tu fuente de confianza para equipos fotogr\u00e1ficos de primer nivel en Palma de Mallorca y m\u00e1s all\u00e1. Este difusor extra grande, dise\u00f1ado espec\u00edficamente para su uso con paraguas Profoto XL de 65&#8243;\/160 cm, es ideal para profesionales que buscan perfeccionar sus t\u00e9cnicas de iluminaci\u00f3n para la fotograf\u00eda de moda [&hellip;]<\/p>\n","protected":false},"featured_media":9174,"template":"","meta":[],"product_cat":[194],"product_tag":[],"class_list":{"0":"post-9179","1":"product","2":"type-product","3":"status-publish","4":"has-post-thumbnail","6":"product_cat-paraguas","8":"first","9":"instock","10":"shipping-taxable","11":"purchasable","12":"product-type-simple"},"_links":{"self":[{"href":"https:\/\/palmaequipmentrental.com\/es\/wp-json\/wp\/v2\/product\/9179","targetHints":{"allow":["GET"]}}],"collection":[{"href":"https:\/\/palmaequipmentrental.com\/es\/wp-json\/wp\/v2\/product"}],"about":[{"href":"https:\/\/palmaequipmentrental.com\/es\/wp-json\/wp\/v2\/types\/product"}],"wp:featuredmedia":[{"embeddable":true,"href":"https:\/\/palmaequipmentrental.com\/es\/wp-json\/wp\/v2\/media\/9174"}],"wp:attachment":[{"href":"https:\/\/palmaequipmentrental.com\/es\/wp-json\/wp\/v2\/media?parent=9179"}],"wp:term":[{"taxonomy":"product_cat","embeddable":true,"href":"https:\/\/palmaequipmentrental.com\/es\/wp-json\/wp\/v2\/product_cat?post=9179"},{"taxonomy":"product_tag","embeddable":true,"href":"https:\/\/palmaequipmentrental.com\/es\/wp-json\/wp\/v2\/product_tag?post=9179"}],"curies":[{"name":"wp","href":"https:\/\/api.w.org\/{rel}","templated":true}]}}