{"id":9181,"date":"2022-06-17T09:30:52","date_gmt":"2022-06-17T09:30:52","guid":{"rendered":"https:\/\/www.palmaequipmentrental.com\/product\/profoto-umbrella-diffuser-m\/"},"modified":"2024-01-30T10:52:38","modified_gmt":"2024-01-30T10:52:38","slug":"profoto-umbrella-diffuser-m","status":"publish","type":"product","link":"https:\/\/palmaequipmentrental.com\/es\/photo-video-equipment-mallorca\/profoto-umbrella-diffuser-m\/","title":{"rendered":"Profoto Difusor Paraguas M"},"content":{"rendered":"<p>Mejora la versatilidad de tu equipo de iluminaci\u00f3n con el Difusor para Paraguas, un accesorio transformador ahora disponible en Palma Equipment Rental en Palma de Mallorca. Compatible tanto con nuestros Paraguas Profundos Blancos como Plateados de Tama\u00f1o Medio de Profoto, este difusor es una soluci\u00f3n simple pero ingeniosa para fot\u00f3grafos que buscan suavizar y diversificar sus efectos de iluminaci\u00f3n.<\/p>\n<ul>\n<li>Convierte un paraguas blanco o plateado en una caja de luz (softbox)<\/li>\n<li>Difunde la luz, creando una dispersi\u00f3n m\u00e1s suave y uniforme<\/li>\n<li>Reduce la salida de luz en 1.5 puntos<\/li>\n<li>Extremadamente f\u00e1cil de usar, se ajusta como una gorra de ducha con banda el\u00e1stica<\/li>\n<li>Fabricado con telas de alta calidad y resistentes al calor<\/li>\n<li>Se entrega en una bolsa suave etiquetada para conveniencia y protecci\u00f3n<\/li>\n<\/ul>\n<p>El Difusor para Paraguas es una herramienta esencial para cualquier fot\u00f3grafo que busque lograr efectos de iluminaci\u00f3n creativos e interesantes. Al convertir sin esfuerzo tu paraguas en una caja de luz, abre nuevas posibilidades para el ambiente y la textura en tu fotograf\u00eda. Ya sea que est\u00e9s fotografiando moda, publicidad o retratos, la luz difusa ofrece un resplandor suave y halagador que realza tu sujeto.<\/p>\n<p>En Palma Equipment Rental, entendemos la importancia de tener accesorios vers\u00e1tiles y de alta calidad a tu alcance. Sirviendo a las Islas Baleares y la pen\u00ednsula espa\u00f1ola, nuestro inventario est\u00e1 cuidadosamente seleccionado para incluir art\u00edculos como el Difusor para Paraguas, asegurando que tengas todo lo necesario para llevar tu visi\u00f3n creativa a la vida. Perm\u00edtenos ayudarte a expandir tus capacidades fotogr\u00e1ficas con este accesorio de iluminaci\u00f3n f\u00e1cil de usar y efectivo.<\/p>\n","protected":false},"excerpt":{"rendered":"<p>Mejora la versatilidad de tu equipo de iluminaci\u00f3n con el Difusor para Paraguas, un accesorio transformador ahora disponible en Palma Equipment Rental en Palma de Mallorca. Compatible tanto con nuestros Paraguas Profundos Blancos como Plateados de Tama\u00f1o Medio de Profoto, este difusor es una soluci\u00f3n simple pero ingeniosa para fot\u00f3grafos que buscan suavizar y diversificar sus efectos de iluminaci\u00f3n. Convierte [&hellip;]<\/p>\n","protected":false},"featured_media":9177,"template":"","meta":[],"product_cat":[194],"product_tag":[],"class_list":{"0":"post-9181","1":"product","2":"type-product","3":"status-publish","4":"has-post-thumbnail","6":"product_cat-paraguas","8":"first","9":"instock","10":"shipping-taxable","11":"purchasable","12":"product-type-simple"},"_links":{"self":[{"href":"https:\/\/palmaequipmentrental.com\/es\/wp-json\/wp\/v2\/product\/9181","targetHints":{"allow":["GET"]}}],"collection":[{"href":"https:\/\/palmaequipmentrental.com\/es\/wp-json\/wp\/v2\/product"}],"about":[{"href":"https:\/\/palmaequipmentrental.com\/es\/wp-json\/wp\/v2\/types\/product"}],"wp:featuredmedia":[{"embeddable":true,"href":"https:\/\/palmaequipmentrental.com\/es\/wp-json\/wp\/v2\/media\/9177"}],"wp:attachment":[{"href":"https:\/\/palmaequipmentrental.com\/es\/wp-json\/wp\/v2\/media?parent=9181"}],"wp:term":[{"taxonomy":"product_cat","embeddable":true,"href":"https:\/\/palmaequipmentrental.com\/es\/wp-json\/wp\/v2\/product_cat?post=9181"},{"taxonomy":"product_tag","embeddable":true,"href":"https:\/\/palmaequipmentrental.com\/es\/wp-json\/wp\/v2\/product_tag?post=9181"}],"curies":[{"name":"wp","href":"https:\/\/api.w.org\/{rel}","templated":true}]}}