{"id":9671,"date":"2022-07-08T07:48:48","date_gmt":"2022-07-08T07:48:48","guid":{"rendered":"https:\/\/www.palmaequipmentrental.com\/?post_type=product&#038;p=9671"},"modified":"2022-08-05T12:15:23","modified_gmt":"2022-08-05T12:15:23","slug":"hyperjuice-100w-gan-usb-c-charger","status":"publish","type":"product","link":"https:\/\/palmaequipmentrental.com\/es\/photo-video-equipment-mallorca\/hyperjuice-100w-gan-usb-c-charger\/","title":{"rendered":"Cargador Hyperjuice 100W GaN USB-C"},"content":{"rendered":"<p><strong>Cargador Hyperjuice 100W GaN USB-C<\/strong><\/p>\n<p>Carga 2 bater\u00edas HyperJuice USB-C PD 100 al mismo tiempo.<br \/>\nNo hay ning\u00fan otro adaptador de corriente alterna USB-C en el mercado que sea capaz de cargar su MacBook o bater\u00eda USB-C con una potencia completa de 100W.<br \/>\nS\u00faper peque\u00f1o y ligero, el mejor cargador para llevar.<\/p>\n","protected":false},"excerpt":{"rendered":"<p>Cargador Hyperjuice 100W GaN USB-C Carga 2 bater\u00edas HyperJuice USB-C PD 100 al mismo tiempo. No hay ning\u00fan otro adaptador de corriente alterna USB-C en el mercado que sea capaz de cargar su MacBook o bater\u00eda USB-C con una potencia completa de 100W. S\u00faper peque\u00f1o y ligero, el mejor cargador para llevar.<\/p>\n","protected":false},"featured_media":9669,"template":"","meta":[],"product_cat":[212],"product_tag":[],"class_list":{"0":"post-9671","1":"product","2":"type-product","3":"status-publish","4":"has-post-thumbnail","6":"product_cat-baterias","8":"first","9":"instock","10":"shipping-taxable","11":"purchasable","12":"product-type-simple"},"_links":{"self":[{"href":"https:\/\/palmaequipmentrental.com\/es\/wp-json\/wp\/v2\/product\/9671","targetHints":{"allow":["GET"]}}],"collection":[{"href":"https:\/\/palmaequipmentrental.com\/es\/wp-json\/wp\/v2\/product"}],"about":[{"href":"https:\/\/palmaequipmentrental.com\/es\/wp-json\/wp\/v2\/types\/product"}],"wp:featuredmedia":[{"embeddable":true,"href":"https:\/\/palmaequipmentrental.com\/es\/wp-json\/wp\/v2\/media\/9669"}],"wp:attachment":[{"href":"https:\/\/palmaequipmentrental.com\/es\/wp-json\/wp\/v2\/media?parent=9671"}],"wp:term":[{"taxonomy":"product_cat","embeddable":true,"href":"https:\/\/palmaequipmentrental.com\/es\/wp-json\/wp\/v2\/product_cat?post=9671"},{"taxonomy":"product_tag","embeddable":true,"href":"https:\/\/palmaequipmentrental.com\/es\/wp-json\/wp\/v2\/product_tag?post=9671"}],"curies":[{"name":"wp","href":"https:\/\/api.w.org\/{rel}","templated":true}]}}