{"id":9673,"date":"2022-07-08T07:37:40","date_gmt":"2022-07-08T07:37:40","guid":{"rendered":"https:\/\/www.palmaequipmentrental.com\/?post_type=product&#038;p=9673"},"modified":"2022-08-05T12:15:23","modified_gmt":"2022-08-05T12:15:23","slug":"hyperjuice-usb-c-pd-100","status":"publish","type":"product","link":"https:\/\/palmaequipmentrental.com\/es\/photo-video-equipment-mallorca\/hyperjuice-usb-c-pd-100\/","title":{"rendered":"Bater\u00eda Hyperjuice USB-C PD 100"},"content":{"rendered":"<p>Nuestro<strong> kit Hyperjuice USB-C <\/strong>incluye:<\/p>\n<ul>\n<li>1x bater\u00eda Hyperjuice USB-C PD 100<\/li>\n<li>1x Cargador Hyperjuice 100W GaN USB-C<\/li>\n<li>1x Cable de carga USB-C de 100W a USB-C<\/li>\n<\/ul>\n<p>Cargador de bater\u00eda para ordenadores macbook HyperJuice USB-CPD 100 con salida de 100W y capacidad de 27000mAh.<br \/>\nCuenta con la \u00faltima tecnolog\u00eda de bater\u00edas USB-C PD (power delivery).Es la \u00fanica bater\u00eda externa USB-C del mercado con 100 W de potencia de salida. Esta bater\u00eda es capaz de cargar tu MacBook Pro 16 M1 en todos los modos de trabajo. Bater\u00eda de transporte aprobada por las aerol\u00edneas. Cumple con los requisitos de la TSA.\u00a0Todas sus caracter\u00edsticas hacen de esta bater\u00eda la mejor bater\u00eda USB-C disponible en el mercado.<\/p>\n<ul>\n<li>Capacidad: 100Wh\/27000mAh<\/li>\n<li>Entrada de energ\u00eda: M\u00e1ximo 100W USB-C Power Delivery<\/li>\n<li>Potencia total m\u00e1xima de salida USB: 245W<\/li>\n<li>Puertos: 4 x USB-C<\/li>\n<li>Carga directa: Recarga bater\u00edas dispositivos al mismo tiempo<\/li>\n<li>Protecci\u00f3n: Protecci\u00f3n contra sobrecorriente, sobretensi\u00f3n, sobretemperatura y cortocircuito<\/li>\n<li>C\u00e9lula de la bater\u00eda: Ion de litio<\/li>\n<li>Certificaciones: CE, FCC, CB, UN 38.3, RoHS, PSE<\/li>\n<li>Dimensiones: 191 x 81 x 28 mm \/ 7,51 x 3,18 x 1,10&#8243;<\/li>\n<li>Peso: 765g<\/li>\n<\/ul>\n","protected":false},"excerpt":{"rendered":"<p>Nuestro kit Hyperjuice USB-C incluye: 1x bater\u00eda Hyperjuice USB-C PD 100 1x Cargador Hyperjuice 100W GaN USB-C 1x Cable de carga USB-C de 100W a USB-C Cargador de bater\u00eda para ordenadores macbook HyperJuice USB-CPD 100 con salida de 100W y capacidad de 27000mAh. Cuenta con la \u00faltima tecnolog\u00eda de bater\u00edas USB-C PD (power delivery).Es la \u00fanica bater\u00eda externa USB-C del [&hellip;]<\/p>\n","protected":false},"featured_media":9663,"template":"","meta":[],"product_cat":[212],"product_tag":[],"class_list":{"0":"post-9673","1":"product","2":"type-product","3":"status-publish","4":"has-post-thumbnail","6":"product_cat-baterias","8":"first","9":"instock","10":"shipping-taxable","11":"purchasable","12":"product-type-simple"},"_links":{"self":[{"href":"https:\/\/palmaequipmentrental.com\/es\/wp-json\/wp\/v2\/product\/9673","targetHints":{"allow":["GET"]}}],"collection":[{"href":"https:\/\/palmaequipmentrental.com\/es\/wp-json\/wp\/v2\/product"}],"about":[{"href":"https:\/\/palmaequipmentrental.com\/es\/wp-json\/wp\/v2\/types\/product"}],"wp:featuredmedia":[{"embeddable":true,"href":"https:\/\/palmaequipmentrental.com\/es\/wp-json\/wp\/v2\/media\/9663"}],"wp:attachment":[{"href":"https:\/\/palmaequipmentrental.com\/es\/wp-json\/wp\/v2\/media?parent=9673"}],"wp:term":[{"taxonomy":"product_cat","embeddable":true,"href":"https:\/\/palmaequipmentrental.com\/es\/wp-json\/wp\/v2\/product_cat?post=9673"},{"taxonomy":"product_tag","embeddable":true,"href":"https:\/\/palmaequipmentrental.com\/es\/wp-json\/wp\/v2\/product_tag?post=9673"}],"curies":[{"name":"wp","href":"https:\/\/api.w.org\/{rel}","templated":true}]}}