{"id":9808,"date":"2022-07-12T11:49:05","date_gmt":"2022-07-12T11:49:05","guid":{"rendered":"https:\/\/www.palmaequipmentrental.com\/?post_type=product&#038;p=9808"},"modified":"2022-08-05T12:15:22","modified_gmt":"2022-08-05T12:15:22","slug":"tetherblock","status":"publish","type":"product","link":"https:\/\/palmaequipmentrental.com\/es\/photo-video-equipment-mallorca\/tetherblock\/","title":{"rendered":"TetherBlock"},"content":{"rendered":"<p><strong>Tether Tools TetherBlock<\/strong><\/p>\n<p>El accesorio TetherBlock bloquea el cable pas\u00e1ndolo por debajo de la c\u00e1mara, manteniendo protegidos tanto el cable como el puerto USB de tu c\u00e1mara.<\/p>\n","protected":false},"excerpt":{"rendered":"<p>Tether Tools TetherBlock El accesorio TetherBlock bloquea el cable pas\u00e1ndolo por debajo de la c\u00e1mara, manteniendo protegidos tanto el cable como el puerto USB de tu c\u00e1mara.<\/p>\n","protected":false},"featured_media":9806,"template":"","meta":[],"product_cat":[189,198],"product_tag":[],"class_list":{"0":"post-9808","1":"product","2":"type-product","3":"status-publish","4":"has-post-thumbnail","6":"product_cat-accesorios-de-camara","7":"product_cat-accesorios-de-camara-2","9":"first","10":"instock","11":"shipping-taxable","12":"purchasable","13":"product-type-simple"},"_links":{"self":[{"href":"https:\/\/palmaequipmentrental.com\/es\/wp-json\/wp\/v2\/product\/9808","targetHints":{"allow":["GET"]}}],"collection":[{"href":"https:\/\/palmaequipmentrental.com\/es\/wp-json\/wp\/v2\/product"}],"about":[{"href":"https:\/\/palmaequipmentrental.com\/es\/wp-json\/wp\/v2\/types\/product"}],"wp:featuredmedia":[{"embeddable":true,"href":"https:\/\/palmaequipmentrental.com\/es\/wp-json\/wp\/v2\/media\/9806"}],"wp:attachment":[{"href":"https:\/\/palmaequipmentrental.com\/es\/wp-json\/wp\/v2\/media?parent=9808"}],"wp:term":[{"taxonomy":"product_cat","embeddable":true,"href":"https:\/\/palmaequipmentrental.com\/es\/wp-json\/wp\/v2\/product_cat?post=9808"},{"taxonomy":"product_tag","embeddable":true,"href":"https:\/\/palmaequipmentrental.com\/es\/wp-json\/wp\/v2\/product_tag?post=9808"}],"curies":[{"name":"wp","href":"https:\/\/api.w.org\/{rel}","templated":true}]}}