{"id":9819,"date":"2022-07-13T08:08:36","date_gmt":"2022-07-13T08:08:36","guid":{"rendered":"https:\/\/www.palmaequipmentrental.com\/?post_type=product&#038;p=9819"},"modified":"2022-08-05T12:15:22","modified_gmt":"2022-08-05T12:15:22","slug":"tetherboost-pro-usb-3-0-core-controller","status":"publish","type":"product","link":"https:\/\/palmaequipmentrental.com\/es\/photo-video-equipment-mallorca\/tetherboost-pro-usb-3-0-core-controller\/","title":{"rendered":"TetherBoost Pro USB 3.0 Core Controller"},"content":{"rendered":"<p><strong>TetherPro TetherBoost Pro USB 3.0 Core Controller<\/strong><\/p>\n<p>El TetherBoost Pro USB 3.0 Core Controller proporciona alimentaci\u00f3n para mantener una conexi\u00f3n estable entre una c\u00e1mara DSLR\u00a0 y un ordenador con puertos USB 3.0, alcanzando distancias de hasta 15 metros.<\/p>\n","protected":false},"excerpt":{"rendered":"<p>TetherPro TetherBoost Pro USB 3.0 Core Controller El TetherBoost Pro USB 3.0 Core Controller proporciona alimentaci\u00f3n para mantener una conexi\u00f3n estable entre una c\u00e1mara DSLR\u00a0 y un ordenador con puertos USB 3.0, alcanzando distancias de hasta 15 metros.<\/p>\n","protected":false},"featured_media":9817,"template":"","meta":[],"product_cat":[408],"product_tag":[],"class_list":{"0":"post-9819","1":"product","2":"type-product","3":"status-publish","4":"has-post-thumbnail","6":"product_cat-cables-tether","8":"first","9":"instock","10":"shipping-taxable","11":"purchasable","12":"product-type-simple"},"_links":{"self":[{"href":"https:\/\/palmaequipmentrental.com\/es\/wp-json\/wp\/v2\/product\/9819","targetHints":{"allow":["GET"]}}],"collection":[{"href":"https:\/\/palmaequipmentrental.com\/es\/wp-json\/wp\/v2\/product"}],"about":[{"href":"https:\/\/palmaequipmentrental.com\/es\/wp-json\/wp\/v2\/types\/product"}],"wp:featuredmedia":[{"embeddable":true,"href":"https:\/\/palmaequipmentrental.com\/es\/wp-json\/wp\/v2\/media\/9817"}],"wp:attachment":[{"href":"https:\/\/palmaequipmentrental.com\/es\/wp-json\/wp\/v2\/media?parent=9819"}],"wp:term":[{"taxonomy":"product_cat","embeddable":true,"href":"https:\/\/palmaequipmentrental.com\/es\/wp-json\/wp\/v2\/product_cat?post=9819"},{"taxonomy":"product_tag","embeddable":true,"href":"https:\/\/palmaequipmentrental.com\/es\/wp-json\/wp\/v2\/product_tag?post=9819"}],"curies":[{"name":"wp","href":"https:\/\/api.w.org\/{rel}","templated":true}]}}