{"id":9838,"date":"2022-07-13T09:05:00","date_gmt":"2022-07-13T09:05:00","guid":{"rendered":"https:\/\/www.palmaequipmentrental.com\/?post_type=product&#038;p=9838"},"modified":"2022-08-10T12:26:12","modified_gmt":"2022-08-10T12:26:12","slug":"tetherpro-usb-2-0-data-extension-cable-4-6m-2","status":"publish","type":"product","link":"https:\/\/palmaequipmentrental.com\/es\/photo-video-equipment-mallorca\/tetherpro-usb-2-0-data-extension-cable-4-6m-2\/","title":{"rendered":"Cable Extensi\u00f3n TetherPro USB 2.0"},"content":{"rendered":"<p><strong>Cable de extensi\u00f3n de datos TetherPro USB 2.0 4.6m<\/strong><\/p>\n<p>Los cables de extensi\u00f3n activa de USB 2.0 macho a hembra de TetherPro permiten distancias de tethering m\u00e1s largas sin tener que preocuparse por errores de se\u00f1al o transferencias de datos corruptas. Todos los cables miden 4,6 m y pueden conectarse en cadena.<\/p>\n","protected":false},"excerpt":{"rendered":"<p>Cable de extensi\u00f3n de datos TetherPro USB 2.0 4.6m Los cables de extensi\u00f3n activa de USB 2.0 macho a hembra de TetherPro permiten distancias de tethering m\u00e1s largas sin tener que preocuparse por errores de se\u00f1al o transferencias de datos corruptas. Todos los cables miden 4,6 m y pueden conectarse en cadena.<\/p>\n","protected":false},"featured_media":9831,"template":"","meta":[],"product_cat":[408],"product_tag":[],"class_list":{"0":"post-9838","1":"product","2":"type-product","3":"status-publish","4":"has-post-thumbnail","6":"product_cat-cables-tether","8":"first","9":"instock","10":"shipping-taxable","11":"purchasable","12":"product-type-simple"},"_links":{"self":[{"href":"https:\/\/palmaequipmentrental.com\/es\/wp-json\/wp\/v2\/product\/9838","targetHints":{"allow":["GET"]}}],"collection":[{"href":"https:\/\/palmaequipmentrental.com\/es\/wp-json\/wp\/v2\/product"}],"about":[{"href":"https:\/\/palmaequipmentrental.com\/es\/wp-json\/wp\/v2\/types\/product"}],"wp:featuredmedia":[{"embeddable":true,"href":"https:\/\/palmaequipmentrental.com\/es\/wp-json\/wp\/v2\/media\/9831"}],"wp:attachment":[{"href":"https:\/\/palmaequipmentrental.com\/es\/wp-json\/wp\/v2\/media?parent=9838"}],"wp:term":[{"taxonomy":"product_cat","embeddable":true,"href":"https:\/\/palmaequipmentrental.com\/es\/wp-json\/wp\/v2\/product_cat?post=9838"},{"taxonomy":"product_tag","embeddable":true,"href":"https:\/\/palmaequipmentrental.com\/es\/wp-json\/wp\/v2\/product_tag?post=9838"}],"curies":[{"name":"wp","href":"https:\/\/api.w.org\/{rel}","templated":true}]}}