{"id":9846,"date":"2022-07-13T09:17:03","date_gmt":"2022-07-13T09:17:03","guid":{"rendered":"https:\/\/www.palmaequipmentrental.com\/?post_type=product&#038;p=9846"},"modified":"2022-08-10T12:25:52","modified_gmt":"2022-08-10T12:25:52","slug":"tetherpro-usb-3-0-active-extension","status":"publish","type":"product","link":"https:\/\/palmaequipmentrental.com\/es\/photo-video-equipment-mallorca\/tetherpro-usb-3-0-active-extension\/","title":{"rendered":"Cable Extensi\u00f3n TetherPro USB 3.0"},"content":{"rendered":"<p><strong>Cable de extensi\u00f3n activo TetherPro USB 3.0 4,6m<\/strong><\/p>\n<p>El Core Controller TetherBoost Pro USB 3.0 est\u00e1 dise\u00f1ado para aumentar y regular la potencia de conexi\u00f3n, eliminando los problemas de conectividad USB 3.0. TetherBoost proporciona una potencia constante para mantener una transmisi\u00f3n estable y fiable cuando una c\u00e1mara est\u00e1 conectada a un ordenador a trav\u00e9s de cables USB 3.<\/p>\n","protected":false},"excerpt":{"rendered":"<p>Cable de extensi\u00f3n activo TetherPro USB 3.0 4,6m El Core Controller TetherBoost Pro USB 3.0 est\u00e1 dise\u00f1ado para aumentar y regular la potencia de conexi\u00f3n, eliminando los problemas de conectividad USB 3.0. TetherBoost proporciona una potencia constante para mantener una transmisi\u00f3n estable y fiable cuando una c\u00e1mara est\u00e1 conectada a un ordenador a trav\u00e9s de cables USB 3.<\/p>\n","protected":false},"featured_media":9844,"template":"","meta":[],"product_cat":[408],"product_tag":[],"class_list":{"0":"post-9846","1":"product","2":"type-product","3":"status-publish","4":"has-post-thumbnail","6":"product_cat-cables-tether","8":"first","9":"instock","10":"shipping-taxable","11":"purchasable","12":"product-type-simple"},"_links":{"self":[{"href":"https:\/\/palmaequipmentrental.com\/es\/wp-json\/wp\/v2\/product\/9846","targetHints":{"allow":["GET"]}}],"collection":[{"href":"https:\/\/palmaequipmentrental.com\/es\/wp-json\/wp\/v2\/product"}],"about":[{"href":"https:\/\/palmaequipmentrental.com\/es\/wp-json\/wp\/v2\/types\/product"}],"wp:featuredmedia":[{"embeddable":true,"href":"https:\/\/palmaequipmentrental.com\/es\/wp-json\/wp\/v2\/media\/9844"}],"wp:attachment":[{"href":"https:\/\/palmaequipmentrental.com\/es\/wp-json\/wp\/v2\/media?parent=9846"}],"wp:term":[{"taxonomy":"product_cat","embeddable":true,"href":"https:\/\/palmaequipmentrental.com\/es\/wp-json\/wp\/v2\/product_cat?post=9846"},{"taxonomy":"product_tag","embeddable":true,"href":"https:\/\/palmaequipmentrental.com\/es\/wp-json\/wp\/v2\/product_tag?post=9846"}],"curies":[{"name":"wp","href":"https:\/\/api.w.org\/{rel}","templated":true}]}}