{"id":9893,"date":"2022-07-13T11:23:55","date_gmt":"2022-07-13T11:23:55","guid":{"rendered":"https:\/\/www.palmaequipmentrental.com\/?post_type=product&#038;p=9893"},"modified":"2022-08-05T12:15:18","modified_gmt":"2022-08-05T12:15:18","slug":"wacom-intous-pro","status":"publish","type":"product","link":"https:\/\/palmaequipmentrental.com\/es\/photo-video-equipment-mallorca\/wacom-intous-pro\/","title":{"rendered":"Wacom Intous Pro"},"content":{"rendered":"<p><strong>Tableta de dibujo Wacom Intous Pro M Pen<\/strong><\/p>\n<p>Los 8.192 niveles de sensibilidad a la presi\u00f3n del l\u00e1piz y el reconocimiento de la inclinaci\u00f3n recrean la sensaci\u00f3n de los m\u00e9todos art\u00edsticos tradicionales para una expresi\u00f3n natural e instintiva.<br \/>\nLas ExpressKeys personalizables y los gestos multit\u00e1ctiles de esta tableta gr\u00e1fica te permiten acceder r\u00e1pidamente a los accesos directos de tu software sin interrumpir tu trabajo.<\/p>\n","protected":false},"excerpt":{"rendered":"<p>Tableta de dibujo Wacom Intous Pro M Pen Los 8.192 niveles de sensibilidad a la presi\u00f3n del l\u00e1piz y el reconocimiento de la inclinaci\u00f3n recrean la sensaci\u00f3n de los m\u00e9todos art\u00edsticos tradicionales para una expresi\u00f3n natural e instintiva. Las ExpressKeys personalizables y los gestos multit\u00e1ctiles de esta tableta gr\u00e1fica te permiten acceder r\u00e1pidamente a los accesos directos de tu software [&hellip;]<\/p>\n","protected":false},"featured_media":9891,"template":"","meta":[],"product_cat":[185],"product_tag":[],"class_list":{"0":"post-9893","1":"product","2":"type-product","3":"status-publish","4":"has-post-thumbnail","6":"product_cat-accesorios-digitales","8":"first","9":"instock","10":"shipping-taxable","11":"purchasable","12":"product-type-simple"},"_links":{"self":[{"href":"https:\/\/palmaequipmentrental.com\/es\/wp-json\/wp\/v2\/product\/9893","targetHints":{"allow":["GET"]}}],"collection":[{"href":"https:\/\/palmaequipmentrental.com\/es\/wp-json\/wp\/v2\/product"}],"about":[{"href":"https:\/\/palmaequipmentrental.com\/es\/wp-json\/wp\/v2\/types\/product"}],"wp:featuredmedia":[{"embeddable":true,"href":"https:\/\/palmaequipmentrental.com\/es\/wp-json\/wp\/v2\/media\/9891"}],"wp:attachment":[{"href":"https:\/\/palmaequipmentrental.com\/es\/wp-json\/wp\/v2\/media?parent=9893"}],"wp:term":[{"taxonomy":"product_cat","embeddable":true,"href":"https:\/\/palmaequipmentrental.com\/es\/wp-json\/wp\/v2\/product_cat?post=9893"},{"taxonomy":"product_tag","embeddable":true,"href":"https:\/\/palmaequipmentrental.com\/es\/wp-json\/wp\/v2\/product_tag?post=9893"}],"curies":[{"name":"wp","href":"https:\/\/api.w.org\/{rel}","templated":true}]}}