{"id":9915,"date":"2022-07-14T09:18:11","date_gmt":"2022-07-14T09:18:11","guid":{"rendered":"https:\/\/www.palmaequipmentrental.com\/?post_type=product&#038;p=9915"},"modified":"2022-08-10T12:25:19","modified_gmt":"2022-08-10T12:25:19","slug":"levelling-base","status":"publish","type":"product","link":"https:\/\/palmaequipmentrental.com\/es\/photo-video-equipment-mallorca\/levelling-base\/","title":{"rendered":"Base Niveladora I-Work Case"},"content":{"rendered":"<p><strong>Manfrotto\u00a0438 Ball Camera Leveller <\/strong> Base niveladora<\/p>\n<p>La 438 se instala entre el tr\u00edpode y la maleta Iwork y proporciona una nivelaci\u00f3n f\u00e1cil y r\u00e1pida. Su rango de movimiento es de 10\u00b0.<\/p>\n<p><strong>Caracter\u00edsticas<\/strong><\/p>\n<ul>\n<li>Para maletas Iwork y tr\u00edpodes sin mecanismo de nivelaci\u00f3n incorporado.<\/li>\n<li>Fijaci\u00f3n superior universal de rosca de 3\/8<\/li>\n<li>Seguridad Peso de la carga \u00fatil 15 kg<\/li>\n<li>Peso 0,65 kg<\/li>\n<li>Inclinaci\u00f3n frontal -5\u00b0 \/ +5\u00b0<\/li>\n<\/ul>\n","protected":false},"excerpt":{"rendered":"<p>Manfrotto\u00a0438 Ball Camera Leveller Base niveladora La 438 se instala entre el tr\u00edpode y la maleta Iwork y proporciona una nivelaci\u00f3n f\u00e1cil y r\u00e1pida. Su rango de movimiento es de 10\u00b0. Caracter\u00edsticas Para maletas Iwork y tr\u00edpodes sin mecanismo de nivelaci\u00f3n incorporado. Fijaci\u00f3n superior universal de rosca de 3\/8 Seguridad Peso de la carga \u00fatil 15 kg Peso 0,65 kg [&hellip;]<\/p>\n","protected":false},"featured_media":9924,"template":"","meta":[],"product_cat":[755],"product_tag":[],"class_list":{"0":"post-9915","1":"product","2":"type-product","3":"status-publish","4":"has-post-thumbnail","6":"product_cat-estacion-de-trabajo-digital","8":"first","9":"instock","10":"shipping-taxable","11":"purchasable","12":"product-type-simple"},"_links":{"self":[{"href":"https:\/\/palmaequipmentrental.com\/es\/wp-json\/wp\/v2\/product\/9915","targetHints":{"allow":["GET"]}}],"collection":[{"href":"https:\/\/palmaequipmentrental.com\/es\/wp-json\/wp\/v2\/product"}],"about":[{"href":"https:\/\/palmaequipmentrental.com\/es\/wp-json\/wp\/v2\/types\/product"}],"wp:featuredmedia":[{"embeddable":true,"href":"https:\/\/palmaequipmentrental.com\/es\/wp-json\/wp\/v2\/media\/9924"}],"wp:attachment":[{"href":"https:\/\/palmaequipmentrental.com\/es\/wp-json\/wp\/v2\/media?parent=9915"}],"wp:term":[{"taxonomy":"product_cat","embeddable":true,"href":"https:\/\/palmaequipmentrental.com\/es\/wp-json\/wp\/v2\/product_cat?post=9915"},{"taxonomy":"product_tag","embeddable":true,"href":"https:\/\/palmaequipmentrental.com\/es\/wp-json\/wp\/v2\/product_tag?post=9915"}],"curies":[{"name":"wp","href":"https:\/\/api.w.org\/{rel}","templated":true}]}}