{"id":9944,"date":"2022-07-14T11:35:40","date_gmt":"2022-07-14T11:35:40","guid":{"rendered":"https:\/\/www.palmaequipmentrental.com\/?post_type=product&#038;p=9944"},"modified":"2023-10-12T11:58:52","modified_gmt":"2023-10-12T11:58:52","slug":"apple-adapter-usb-c-to-usb-3-0","status":"publish","type":"product","link":"https:\/\/palmaequipmentrental.com\/es\/photo-video-equipment-mallorca\/apple-adapter-usb-c-to-usb-3-0\/","title":{"rendered":"Adaptador Apple USB-C a USB 3.0"},"content":{"rendered":"<p><strong>Adaptador Apple de USB-C a USB 3.0<\/strong><\/p>\n<p>Con el adaptador de USB-C a USB puedes conectar tus dispositivos iOS y muchos de los accesorios USB est\u00e1ndar a tu Mac con USB-C o Thunderbolt 3 (USB-C).<\/p>\n<p>Coloca el adaptador en uno de los puertos USB-C o Thunderbolt 3 (USB-C) de tu Mac y podr\u00e1s conectar memorias flash, c\u00e1maras y otros accesorios USB est\u00e1ndar. Tambi\u00e9n puedes usar un cable de Lightning a USB para sincronizar y cargar tu iPhone, iPad o iPod.<\/p>\n","protected":false},"excerpt":{"rendered":"<p>Adaptador Apple de USB-C a USB 3.0 Con el adaptador de USB-C a USB puedes conectar tus dispositivos iOS y muchos de los accesorios USB est\u00e1ndar a tu Mac con USB-C o Thunderbolt 3 (USB-C). Coloca el adaptador en uno de los puertos USB-C o Thunderbolt 3 (USB-C) de tu Mac y podr\u00e1s conectar memorias flash, c\u00e1maras y otros accesorios [&hellip;]<\/p>\n","protected":false},"featured_media":9942,"template":"","meta":[],"product_cat":[185],"product_tag":[],"class_list":{"0":"post-9944","1":"product","2":"type-product","3":"status-publish","4":"has-post-thumbnail","6":"product_cat-accesorios-digitales","8":"first","9":"instock","10":"shipping-taxable","11":"purchasable","12":"product-type-simple"},"_links":{"self":[{"href":"https:\/\/palmaequipmentrental.com\/es\/wp-json\/wp\/v2\/product\/9944","targetHints":{"allow":["GET"]}}],"collection":[{"href":"https:\/\/palmaequipmentrental.com\/es\/wp-json\/wp\/v2\/product"}],"about":[{"href":"https:\/\/palmaequipmentrental.com\/es\/wp-json\/wp\/v2\/types\/product"}],"wp:featuredmedia":[{"embeddable":true,"href":"https:\/\/palmaequipmentrental.com\/es\/wp-json\/wp\/v2\/media\/9942"}],"wp:attachment":[{"href":"https:\/\/palmaequipmentrental.com\/es\/wp-json\/wp\/v2\/media?parent=9944"}],"wp:term":[{"taxonomy":"product_cat","embeddable":true,"href":"https:\/\/palmaequipmentrental.com\/es\/wp-json\/wp\/v2\/product_cat?post=9944"},{"taxonomy":"product_tag","embeddable":true,"href":"https:\/\/palmaequipmentrental.com\/es\/wp-json\/wp\/v2\/product_tag?post=9944"}],"curies":[{"name":"wp","href":"https:\/\/api.w.org\/{rel}","templated":true}]}}